{"id":645,"date":"2021-09-09T07:54:36","date_gmt":"2021-09-09T07:54:36","guid":{"rendered":"https:\/\/dtimad.com.tr\/contact\/"},"modified":"2025-12-23T09:24:44","modified_gmt":"2025-12-23T09:24:44","slug":"dis-cekim","status":"publish","type":"page","link":"https:\/\/dtimad.com.tr\/ar\/dis-cekim\/","title":{"rendered":"\u062e\u0644\u0639 \u0636\u0631\u0633 \u0627\u0644\u0639\u0642\u0644 (\u062c\u0631\u0627\u062d\u0629 \u0627\u0644\u0641\u0643 \u0648\u0627\u0644\u0644\u062b\u0629)"},"content":{"rendered":"<div data-elementor-type=\"wp-page\" data-elementor-id=\"645\" class=\"elementor elementor-645\" data-elementor-post-type=\"page\">\n\t\t\t\t<div class=\"elementor-element elementor-element-cf57f9b e-flex e-con-boxed wpr-particle-no wpr-jarallax-no wpr-parallax-no wpr-sticky-section-no e-con e-parent\" data-id=\"cf57f9b\" data-element_type=\"container\" data-e-type=\"container\" data-settings=\"{&quot;background_background&quot;:&quot;classic&quot;}\">\n\t\t\t\t\t<div class=\"e-con-inner\">\n\t\t\t\t<div class=\"elementor-element elementor-element-32561dc elementor-widget elementor-widget-text-editor\" data-id=\"32561dc\" data-element_type=\"widget\" data-e-type=\"widget\" data-widget_type=\"text-editor.default\">\n\t\t\t\t\t\t\t\t\t<p>\u0627\u0644\u062e\u062f\u0645\u0627\u062a<\/p>\t\t\t\t\t\t\t\t<\/div>\n\t\t\t\t<div class=\"elementor-element elementor-element-f7fbe30 elementor-widget elementor-widget-heading\" data-id=\"f7fbe30\" data-element_type=\"widget\" data-e-type=\"widget\" data-widget_type=\"heading.default\">\n\t\t\t\t\t<h1 class=\"elementor-heading-title elementor-size-default\">\u062c\u0631\u0627\u062d\u0629 \u0627\u0644\u0644\u062b\u0629 \u0648\u0627\u0644\u0641\u0643<\/h1>\t\t\t\t<\/div>\n\t\t\t\t\t<\/div>\n\t\t\t\t<\/div>\n\t\t<div class=\"elementor-element elementor-element-afee5bb e-flex e-con-boxed wpr-particle-no wpr-jarallax-no wpr-parallax-no wpr-sticky-section-no e-con e-parent\" data-id=\"afee5bb\" data-element_type=\"container\" data-e-type=\"container\">\n\t\t\t\t\t<div class=\"e-con-inner\">\n\t\t<div class=\"elementor-element elementor-element-18c330c e-con-full e-flex wpr-particle-no wpr-jarallax-no wpr-parallax-no wpr-sticky-section-no e-con e-child\" data-id=\"18c330c\" data-element_type=\"container\" data-e-type=\"container\">\n\t\t<div class=\"elementor-element elementor-element-6fbecdb e-con-full e-flex wpr-particle-no wpr-jarallax-no wpr-parallax-no wpr-sticky-section-no e-con e-child\" data-id=\"6fbecdb\" data-element_type=\"container\" data-e-type=\"container\">\n\t\t<div class=\"elementor-element elementor-element-e1fec12 e-con-full e-flex wpr-particle-no wpr-jarallax-no wpr-parallax-no wpr-sticky-section-no e-con e-child\" data-id=\"e1fec12\" data-element_type=\"container\" data-e-type=\"container\">\n\t\t\t\t<div class=\"elementor-element elementor-element-8081081 elementor-widget elementor-widget-heading\" data-id=\"8081081\" data-element_type=\"widget\" data-e-type=\"widget\" data-widget_type=\"heading.default\">\n\t\t\t\t\t<span class=\"elementor-heading-title elementor-size-default\">\u0643\u064a\u0641\u064a\u0629 \u0627\u0644\u0639\u0645\u0644 \u061f<\/span>\t\t\t\t<\/div>\n\t\t\t\t<div class=\"elementor-element elementor-element-eb66771 elementor-widget elementor-widget-heading\" data-id=\"eb66771\" data-element_type=\"widget\" data-e-type=\"widget\" data-widget_type=\"heading.default\">\n\t\t\t\t\t<h2 class=\"elementor-heading-title elementor-size-default\">\u062c\u0631\u0627\u062d\u0629 \u0627\u0644\u0644\u062b\u0629 \u0648\u0627\u0644\u0641\u0643<\/h2>\t\t\t\t<\/div>\n\t\t\t\t<div class=\"elementor-element elementor-element-f227393 elementor-widget elementor-widget-text-editor\" data-id=\"f227393\" data-element_type=\"widget\" data-e-type=\"widget\" data-widget_type=\"text-editor.default\">\n\t\t\t\t\t\t\t\t\t<p><b>\u062a\u0634\u0645\u0644<\/b>\u00a0\u062c\u0631\u0627\u062d\u0629 \u0627\u0644\u0641\u0645 \u0648\u0627\u0644\u0648\u062c\u0647 \u0648\u0627\u0644\u0641\u0643\u064a\u0646 \u0623\u0633\u0627\u0644\u064a\u0628 \u0627\u0644\u062a\u0634\u062e\u064a\u0635\u00a0<b>\u0648\u0627\u0644\u0639\u0644\u0627\u062c \u0627\u0644\u0644\u0627\u0632\u0645\u0629 \u0644\u062a\u0635\u062d\u064a\u062d \u0627\u0644\u0623\u0645\u0631\u0627\u0636<\/b>\u0648\u0627\u0644\u0625\u0635\u0627\u0628\u0627\u062a \u0648\u0627\u0644\u0627\u0636\u0637\u0631\u0627\u0628\u0627\u062a \u0627\u0644\u062a\u064a \u062a\u0635\u064a\u0628\u00a0<b>\u0627\u0644\u0623\u0646\u0633\u062c\u0629 \u0627\u0644\u0635\u0644\u0628\u0629 \u0648\u0627\u0644\u0631\u062e\u0648\u0629 \u0641\u064a \u0627\u0644\u0641\u0645 \u0648\u0627\u0644\u0623\u0633\u0646\u0627\u0646<\/b>\u0648\u0645\u0646\u0627\u0637\u0642\u00a0<b>\u0627\u0644\u0641\u0643<\/b> \u0644\u062f\u0649 \u0627\u0644\u0623\u0641\u0631\u0627\u062f \u0645\u0646 \u062c\u0645\u064a\u0639 \u0627\u0644\u0623\u0639\u0645\u0627\u0631.\u00a0<\/p>\t\t\t\t\t\t\t\t<\/div>\n\t\t\t\t<div class=\"elementor-element elementor-element-00cab63 elementor-position-inline-start elementor-widget__width-initial elementor-view-default elementor-mobile-position-block-start elementor-widget elementor-widget-icon-box\" data-id=\"00cab63\" data-element_type=\"widget\" data-e-type=\"widget\" data-widget_type=\"icon-box.default\">\n\t\t\t\t\t\t\t<div class=\"elementor-icon-box-wrapper\">\n\n\t\t\t\t\t\t<div class=\"elementor-icon-box-icon\">\n\t\t\t\t<span  class=\"elementor-icon\">\n\t\t\t\t<svg aria-hidden=\"true\" class=\"e-font-icon-svg e-far-grin\" viewbox=\"0 0 496 512\" xmlns=\"http:\/\/www.w3.org\/2000\/svg\"><path d=\"M248 8C111 8 0 119 0 256s111 248 248 248 248-111 248-248S385 8 248 8zm0 448c-110.3 0-200-89.7-200-200S137.7 56 248 56s200 89.7 200 200-89.7 200-200 200zm105.6-151.4c-25.9 8.3-64.4 13.1-105.6 13.1s-79.6-4.8-105.6-13.1c-9.9-3.1-19.4 5.4-17.7 15.3 7.9 47.1 71.3 80 123.3 80s115.3-32.9 123.3-80c1.6-9.8-7.7-18.4-17.7-15.3zM168 240c17.7 0 32-14.3 32-32s-14.3-32-32-32-32 14.3-32 32 14.3 32 32 32zm160 0c17.7 0 32-14.3 32-32s-14.3-32-32-32-32 14.3-32 32 14.3 32 32 32z\"><\/path><\/svg>\t\t\t\t<\/span>\n\t\t\t<\/div>\n\t\t\t\n\t\t\t\t\t\t<div class=\"elementor-icon-box-content\">\n\n\t\t\t\t\t\t\t\t\t<h3 class=\"elementor-icon-box-title\">\n\t\t\t\t\t\t<span  >\n\t\t\t\t\t\t\t\u062e\u0644\u0639 \u0636\u0631\u0633 \u0627\u0644\u0639\u0642\u0644 \u0628\u062f\u0648\u0646 \u0627\u0644\u0645\t\t\t\t\t\t<\/span>\n\t\t\t\t\t<\/h3>\n\t\t\t\t\n\t\t\t\t\t\t\t\t\t<p class=\"elementor-icon-box-description\">\n\t\t\t\t\t\t\u0641\u064a \u0627\u0644\u0648\u0642\u062a \u0627\u0644\u062d\u0627\u0636\u0631\u060c \u0648\u062e\u0627\u0635\u0629\u064b \u0644\u062f\u0649 \u0627\u0644\u0634\u0628\u0627\u0628 \u0627\u0644\u0630\u064a\u0646 \u0628\u0644\u063a\u0648\u0627 \u0633\u0646 \u0627\u0644\u062b\u0627\u0645\u0646\u0629 \u0639\u0634\u0631\u0629\u060c \u062a\u064f\u062c\u0631\u0649 \u062c\u0631\u0627\u062d\u0629 \u062e\u0644\u0639 \u0636\u0631\u0648\u0633 \u0627\u0644\u0639\u0642\u0644 \u0648\u0647\u064a \u0644\u0627 \u062a\u0632\u0627\u0644 \u0645\u0637\u0645\u0648\u0631\u0629 \u0642\u0628\u0644 \u0628\u0632\u0648\u063a\u0647\u0627. \u0625\u0630 \u0642\u062f \u062a\u064f\u0633\u0628\u0628 \u0636\u0631\u0648\u0633 \u0627\u0644\u0639\u0642\u0644 \u0627\u0644\u062a\u064a \u0644\u0627 \u062a\u064f\u062e\u0644\u0639 \u0645\u0628\u0643\u0631\u064b\u0627 \u0645\u0634\u0627\u0643\u0644 \u062e\u0637\u064a\u0631\u0629 \u0641\u064a \u0627\u0644\u0641\u0643 \u0648\u0627\u0644\u0623\u0633\u0646\u0627\u0646. \u0644\u0630\u0627\u060c \u0645\u0646 \u0627\u0644\u0623\u0647\u0645\u064a\u0629 \u0628\u0645\u0643\u0627\u0646 \u062e\u0644\u0639 \u0636\u0631\u0648\u0633 \u0627\u0644\u0639\u0642\u0644 \u0641\u064a \u0627\u0644\u0648\u0642\u062a \u0627\u0644\u0645\u0646\u0627\u0633\u0628. \u0648\u0628\u0641\u0636\u0644 \u0627\u0644\u0645\u0648\u0627\u062f \u0648\u0627\u0644\u062a\u0642\u0646\u064a\u0627\u062a \u0627\u0644\u062d\u062f\u064a\u062b\u0629\u060c \u0623\u0635\u0628\u062d \u0645\u0646 \u0627\u0644\u0645\u0645\u0643\u0646 \u0625\u062c\u0631\u0627\u0621 \u062c\u0631\u0627\u062d\u0629 \u062e\u0644\u0639 \u0636\u0631\u0648\u0633 \u0627\u0644\u0639\u0642\u0644 \u0627\u0644\u0645\u0637\u0645\u0648\u0631\u0629 \u0628\u0633\u0647\u0648\u0644\u0629 \u0648\u062f\u0648\u0646 \u0623\u0644\u0645 \u0623\u0648 \u0645\u0634\u0627\u0643\u0644. \u0648\u0628\u0641\u0636\u0644 \u0630\u0644\u0643\u060c \u0644\u0645 \u064a\u0639\u062f \u062e\u0644\u0639 \u0636\u0631\u0648\u0633 \u0627\u0644\u0639\u0642\u0644 \u0643\u0627\u0628\u0648\u0633\u064b\u0627. \u0648\u0628\u0627\u0644\u0646\u0633\u0628\u0629 \u0644\u062c\u0631\u0627\u062d\u064a \u0627\u0644\u0641\u0645 \u0648\u0627\u0644\u0623\u0633\u0646\u0627\u0646 \u0648\u0627\u0644\u0648\u062c\u0647 \u0648\u0627\u0644\u0641\u0643\u064a\u0646 \u0627\u0644\u0645\u062a\u062e\u0635\u0635\u064a\u0646 \u0641\u064a \u0647\u0630\u0627 \u0627\u0644\u0645\u062c\u0627\u0644\u060c \u062a\u064f\u0639\u062f \u062c\u0631\u0627\u062d\u0629 \u062e\u0644\u0639 \u0636\u0631\u0648\u0633 \u0627\u0644\u0639\u0642\u0644 \u0639\u0645\u0644\u064a\u0629 \u0628\u0633\u064a\u0637\u0629 \u0648\u0633\u0647\u0644\u0629 \u0627\u0644\u062a\u0646\u0641\u064a\u0630.\t\t\t\t\t<\/p>\n\t\t\t\t\n\t\t\t<\/div>\n\t\t\t\n\t\t<\/div>\n\t\t\t\t\t\t<\/div>\n\t\t\t\t<div class=\"elementor-element elementor-element-302d4e9 elementor-position-inline-start elementor-widget__width-initial elementor-view-default elementor-mobile-position-block-start elementor-widget elementor-widget-icon-box\" data-id=\"302d4e9\" data-element_type=\"widget\" data-e-type=\"widget\" data-widget_type=\"icon-box.default\">\n\t\t\t\t\t\t\t<div class=\"elementor-icon-box-wrapper\">\n\n\t\t\t\t\t\t<div class=\"elementor-icon-box-icon\">\n\t\t\t\t<span  class=\"elementor-icon\">\n\t\t\t\t<svg aria-hidden=\"true\" class=\"e-font-icon-svg e-far-question-circle\" viewbox=\"0 0 512 512\" xmlns=\"http:\/\/www.w3.org\/2000\/svg\"><path d=\"M256 8C119.043 8 8 119.083 8 256c0 136.997 111.043 248 248 248s248-111.003 248-248C504 119.083 392.957 8 256 8zm0 448c-110.532 0-200-89.431-200-200 0-110.495 89.472-200 200-200 110.491 0 200 89.471 200 200 0 110.53-89.431 200-200 200zm107.244-255.2c0 67.052-72.421 68.084-72.421 92.863V300c0 6.627-5.373 12-12 12h-45.647c-6.627 0-12-5.373-12-12v-8.659c0-35.745 27.1-50.034 47.579-61.516 17.561-9.845 28.324-16.541 28.324-29.579 0-17.246-21.999-28.693-39.784-28.693-23.189 0-33.894 10.977-48.942 29.969-4.057 5.12-11.46 6.071-16.666 2.124l-27.824-21.098c-5.107-3.872-6.251-11.066-2.644-16.363C184.846 131.491 214.94 112 261.794 112c49.071 0 101.45 38.304 101.45 88.8zM298 368c0 23.159-18.841 42-42 42s-42-18.841-42-42 18.841-42 42-42 42 18.841 42 42z\"><\/path><\/svg>\t\t\t\t<\/span>\n\t\t\t<\/div>\n\t\t\t\n\t\t\t\t\t\t<div class=\"elementor-icon-box-content\">\n\n\t\t\t\t\t\t\t\t\t<h3 class=\"elementor-icon-box-title\">\n\t\t\t\t\t\t<span  >\n\t\t\t\t\t\t\t\u0645\u0627 \u0647\u064a \u0623\u0639\u0631\u0627\u0636 \u0636\u0631\u0633 \u0627\u0644\u0639\u0642\u0644\u061f\t\t\t\t\t\t<\/span>\n\t\t\t\t\t<\/h3>\n\t\t\t\t\n\t\t\t\t\t\t\t\t\t<p class=\"elementor-icon-box-description\">\n\t\t\t\t\t\t\u062a\u0646\u0645\u0648 \u0636\u0631\u0648\u0633 \u0627\u0644\u0639\u0642\u0644 \u0627\u0644\u062a\u064a \u062a\u062c\u062f \u0645\u0633\u0627\u062d\u0629 \u0643\u0627\u0641\u064a\u0629 \u0641\u064a \u0627\u0644\u0644\u062b\u0629 \u0648\u062a\u0628\u0631\u0632 \u0643\u0645\u0627 \u064a\u0646\u0628\u063a\u064a \u0628\u0634\u0643\u0644 \u0635\u062d\u064a \u062f\u0648\u0646 \u0623\u0646 \u062a\u0633\u0628\u0628 \u0623\u064a \u0623\u0639\u0631\u0627\u0636. \u200b\u200b\u0645\u0639 \u0630\u0644\u0643\u060c \u062a\u064f\u0633\u0628\u0628 \u0636\u0631\u0648\u0633 \u0627\u0644\u0639\u0642\u0644 \u0645\u0634\u0627\u0643\u0644 \u0644\u0644\u0639\u062f\u064a\u062f \u0645\u0646 \u0627\u0644\u0623\u0634\u062e\u0627\u0635 \u0628\u0633\u0628\u0628 \u0646\u0642\u0635 \u0647\u0630\u0647 \u0627\u0644\u0645\u0633\u0627\u062d\u0629. \u062a\u0634\u0645\u0644 \u0627\u0644\u0623\u0639\u0631\u0627\u0636 \u0627\u0644\u0634\u0627\u0626\u0639\u0629 \u0627\u0644\u062a\u064a \u062a\u0638\u0647\u0631 \u0623\u062b\u0646\u0627\u0621 \u0628\u0632\u0648\u063a \u0636\u0631\u0648\u0633 \u0627\u0644\u0639\u0642\u0644 \u0623\u0648 \u0627\u0646\u062d\u0634\u0627\u0631\u0647\u0627 \u0645\u0627 \u064a\u0644\u064a:<br>\n1. \u0623\u0644\u0645 \u0641\u064a \u0627\u0644\u0623\u0633\u0646\u0627\u0646 \u0648\u0627\u0644\u0644\u062b\u0629\u060c<br>\n2. \u062d\u0633\u0627\u0633\u064a\u0629 \u0627\u0644\u0644\u062b\u0629\u060c<br>\n3. \u0623\u0644\u0645 \u064a\u0646\u062a\u0634\u0631 \u0625\u0644\u0649 \u0627\u0644\u0641\u0643 \u0648\u0627\u0644\u0623\u0630\u0646.<br>\n4. \u062a\u0648\u0631\u0645 \u0627\u0644\u063a\u062f\u062f \u0627\u0644\u0644\u064a\u0645\u0641\u0627\u0648\u064a\u0629\u060c<br>\n5.\u0627\u0644\u0645 \u0627\u0644\u0631\u0623\u0633<br>\n6.\u0631\u0627\u0626\u062d\u0629 \u0641\u0645 \u0643\u0631\u064a\u0647\u0629<br>\n7.\u0627\u0644\u0645 \u0627\u062b\u0646\u0627\u0621 \u0627\u0644\u0645\u0636\u063a<br>\t\t\t\t\t<\/p>\n\t\t\t\t\n\t\t\t<\/div>\n\t\t\t\n\t\t<\/div>\n\t\t\t\t\t\t<\/div>\n\t\t\t\t<\/div>\n\t\t<div class=\"elementor-element elementor-element-dcc07a5 e-con-full e-flex wpr-particle-no wpr-jarallax-no wpr-parallax-no wpr-sticky-section-no e-con e-child\" data-id=\"dcc07a5\" data-element_type=\"container\" data-e-type=\"container\">\n\t\t\t\t<div class=\"elementor-element elementor-element-8c8ad2a elementor-widget elementor-widget-image\" data-id=\"8c8ad2a\" data-element_type=\"widget\" data-e-type=\"widget\" data-widget_type=\"image.default\">\n\t\t\t\t\t\t\t\t\t\t\t\t\t\t\t<img fetchpriority=\"high\" decoding=\"async\" width=\"750\" height=\"345\" src=\"https:\/\/dtimad.com.tr\/wp-content\/uploads\/2025\/12\/20lik-Dis-Cekimi-1024x471.jpg\" class=\"attachment-large size-large wp-image-3833\" alt=\"\" srcset=\"https:\/\/dtimad.com.tr\/wp-content\/uploads\/2025\/12\/20lik-Dis-Cekimi-1024x471.jpg 1024w, https:\/\/dtimad.com.tr\/wp-content\/uploads\/2025\/12\/20lik-Dis-Cekimi-300x138.jpg 300w, https:\/\/dtimad.com.tr\/wp-content\/uploads\/2025\/12\/20lik-Dis-Cekimi-768x353.jpg 768w, https:\/\/dtimad.com.tr\/wp-content\/uploads\/2025\/12\/20lik-Dis-Cekimi-1536x706.jpg 1536w, https:\/\/dtimad.com.tr\/wp-content\/uploads\/2025\/12\/20lik-Dis-Cekimi-18x8.jpg 18w, https:\/\/dtimad.com.tr\/wp-content\/uploads\/2025\/12\/20lik-Dis-Cekimi.jpg 1740w\" sizes=\"(max-width: 750px) 100vw, 750px\" \/>\t\t\t\t\t\t\t\t\t\t\t\t\t\t\t<\/div>\n\t\t\t\t<div class=\"elementor-element elementor-element-74cecea elementor-widget elementor-widget-image\" data-id=\"74cecea\" data-element_type=\"widget\" data-e-type=\"widget\" data-widget_type=\"image.default\">\n\t\t\t\t\t\t\t\t\t\t\t\t\t\t\t<img decoding=\"async\" width=\"750\" height=\"503\" src=\"https:\/\/dtimad.com.tr\/wp-content\/uploads\/2025\/12\/Wisdom-teeth-900x604-1.jpg\" class=\"attachment-large size-large wp-image-4137\" alt=\"\" srcset=\"https:\/\/dtimad.com.tr\/wp-content\/uploads\/2025\/12\/Wisdom-teeth-900x604-1.jpg 900w, https:\/\/dtimad.com.tr\/wp-content\/uploads\/2025\/12\/Wisdom-teeth-900x604-1-300x201.jpg 300w, https:\/\/dtimad.com.tr\/wp-content\/uploads\/2025\/12\/Wisdom-teeth-900x604-1-768x515.jpg 768w, https:\/\/dtimad.com.tr\/wp-content\/uploads\/2025\/12\/Wisdom-teeth-900x604-1-370x247.jpg 370w, https:\/\/dtimad.com.tr\/wp-content\/uploads\/2025\/12\/Wisdom-teeth-900x604-1-270x180.jpg 270w, https:\/\/dtimad.com.tr\/wp-content\/uploads\/2025\/12\/Wisdom-teeth-900x604-1-18x12.jpg 18w, https:\/\/dtimad.com.tr\/wp-content\/uploads\/2025\/12\/Wisdom-teeth-900x604-1-360x240.jpg 360w\" sizes=\"(max-width: 750px) 100vw, 750px\" \/>\t\t\t\t\t\t\t\t\t\t\t\t\t\t\t<\/div>\n\t\t\t\t<\/div>\n\t\t\t\t<\/div>\n\t\t\t\t<\/div>\n\t\t\t\t\t<\/div>\n\t\t\t\t<\/div>\n\t\t<div class=\"elementor-element elementor-element-86b9ec4 e-flex e-con-boxed wpr-particle-no wpr-jarallax-no wpr-parallax-no wpr-sticky-section-no e-con e-parent\" data-id=\"86b9ec4\" data-element_type=\"container\" data-e-type=\"container\" data-settings=\"{&quot;background_background&quot;:&quot;classic&quot;}\">\n\t\t\t\t\t<div class=\"e-con-inner\">\n\t\t\t\t<div class=\"elementor-element elementor-element-fa66501 elementor-widget elementor-widget-heading\" data-id=\"fa66501\" data-element_type=\"widget\" data-e-type=\"widget\" data-widget_type=\"heading.default\">\n\t\t\t\t\t<h2 class=\"elementor-heading-title elementor-size-default\">\u0627\u0643\u062a\u0634\u0641 \u0633\u0628\u0628 \u0627\u0644\u0645 \u0623\u0633\u0646\u0627\u0646\u0643<\/h2>\t\t\t\t<\/div>\n\t\t\t\t<div class=\"elementor-element elementor-element-273850b elementor-align-center elementor-widget elementor-widget-button\" data-id=\"273850b\" data-element_type=\"widget\" data-e-type=\"widget\" data-widget_type=\"button.default\">\n\t\t\t\t\t\t\t\t\t\t<a class=\"elementor-button elementor-button-link elementor-size-sm\" href=\"https:\/\/dtimad.com.tr\/ar\/bize-ulas\/#randevu-al\">\n\t\t\t\t\t\t<span class=\"elementor-button-content-wrapper\">\n\t\t\t\t\t\t\t\t\t<span class=\"elementor-button-text\">\u0623\u062d\u062c\u0632 \u0645\u0648\u0639\u062f<\/span>\n\t\t\t\t\t<\/span>\n\t\t\t\t\t<\/a>\n\t\t\t\t\t\t\t\t<\/div>\n\t\t\t\t\t<\/div>\n\t\t\t\t<\/div>\n\t\t\t\t<\/div>","protected":false},"excerpt":{"rendered":"<p>Hizmetler A\u011f\u0131z ve \u00c7ene Cerrahisi Nas\u0131l oluyor ? A\u011f\u0131z ve \u00c7ene Cerrahisi A\u011f\u0131z\u00a0Di\u015f ve\u00a0\u00c7ene Cerrahisi, b\u00fct\u00fcn ya\u015f aral\u0131\u011f\u0131ndaki bireylerin\u00a0a\u011f\u0131z, di\u015f ve\u00a0\u00e7ene b\u00f6lgelerindeki sert ve yumu\u015fak dokular\u0131n hastal\u0131klar\u0131, yaralanmalar\u0131 ve bozukluklar\u0131n\u0131n<\/p>","protected":false},"author":1,"featured_media":0,"parent":0,"menu_order":0,"comment_status":"closed","ping_status":"closed","template":"","meta":{"_eb_attr":"","breadcrumbs_single_post":"","page_title_panel":"","breadcrumbs_single_page":"","single_page_alignment":"","single_page_margin":"","page_structure_type":"","content_style_source":"","content_style":"","blog_post_streched_ed":"","blog_page_streched_ed":"","has_transparent_header":"","disable_transparent_header":"","vertical_spacing_source":"","content_area_spacing":"","single_post_content_background":"","single_page_content_background":"","single_post_boxed_content_spacing":"","single_page_boxed_content_spacing":"","single_post_content_boxed_radius":"","single_page_content_boxed_radius":"","disable_featured_image":"","disable_post_tags":"","disable_author_box":"","disable_posts_navigation":"","disable_comments":"","disable_related_posts":"","disable_header":"","disable_footer":"","footnotes":""},"class_list":["post-645","page","type-page","status-publish","hentry","rishi-post","no-post-thumbnail"],"_hostinger_reach_plugin_has_subscription_block":false,"_hostinger_reach_plugin_is_elementor":false,"_links":{"self":[{"href":"https:\/\/dtimad.com.tr\/ar\/wp-json\/wp\/v2\/pages\/645","targetHints":{"allow":["GET"]}}],"collection":[{"href":"https:\/\/dtimad.com.tr\/ar\/wp-json\/wp\/v2\/pages"}],"about":[{"href":"https:\/\/dtimad.com.tr\/ar\/wp-json\/wp\/v2\/types\/page"}],"author":[{"embeddable":true,"href":"https:\/\/dtimad.com.tr\/ar\/wp-json\/wp\/v2\/users\/1"}],"replies":[{"embeddable":true,"href":"https:\/\/dtimad.com.tr\/ar\/wp-json\/wp\/v2\/comments?post=645"}],"version-history":[{"count":29,"href":"https:\/\/dtimad.com.tr\/ar\/wp-json\/wp\/v2\/pages\/645\/revisions"}],"predecessor-version":[{"id":4419,"href":"https:\/\/dtimad.com.tr\/ar\/wp-json\/wp\/v2\/pages\/645\/revisions\/4419"}],"wp:attachment":[{"href":"https:\/\/dtimad.com.tr\/ar\/wp-json\/wp\/v2\/media?parent=645"}],"curies":[{"name":"wp","href":"https:\/\/api.w.org\/{rel}","templated":true}]}}