{"id":607,"date":"2021-09-09T07:31:56","date_gmt":"2021-09-09T07:31:56","guid":{"rendered":"https:\/\/dtimad.com.tr\/testimonials\/"},"modified":"2026-01-26T12:09:25","modified_gmt":"2026-01-26T12:09:25","slug":"deneyimler-2","status":"publish","type":"page","link":"https:\/\/dtimad.com.tr\/ar\/deneyimler-2\/","title":{"rendered":"\u062e\u0635\u0648\u0645\u0627\u062a"},"content":{"rendered":"<div data-elementor-type=\"wp-page\" data-elementor-id=\"607\" class=\"elementor elementor-607\" data-elementor-post-type=\"page\">\n\t\t\t\t<div class=\"elementor-element elementor-element-8a3584a e-flex e-con-boxed wpr-particle-no wpr-jarallax-no wpr-parallax-no wpr-sticky-section-no e-con e-parent\" data-id=\"8a3584a\" data-element_type=\"container\" data-e-type=\"container\" data-settings=\"{&quot;background_background&quot;:&quot;classic&quot;}\">\n\t\t\t\t\t<div class=\"e-con-inner\">\n\t\t\t\t<div class=\"elementor-element elementor-element-45aa95a elementor-widget elementor-widget-text-editor\" data-id=\"45aa95a\" data-element_type=\"widget\" data-e-type=\"widget\" data-widget_type=\"text-editor.default\">\n\t\t\t\t\t\t\t\t\t<p>\u0627\u0644\u062e\u0635\u0648\u0645\u0627\u062a<\/p>\t\t\t\t\t\t\t\t<\/div>\n\t\t\t\t<div class=\"elementor-element elementor-element-1e86ddd elementor-widget elementor-widget-heading\" data-id=\"1e86ddd\" data-element_type=\"widget\" data-e-type=\"widget\" data-widget_type=\"heading.default\">\n\t\t\t\t\t<h1 class=\"elementor-heading-title elementor-size-default\">\u0639\u0631\u0648\u0636 \u062e\u0627\u0635\u0629<\/h1>\t\t\t\t<\/div>\n\t\t\t\t<div class=\"elementor-element elementor-element-6275120 elementor-widget elementor-widget-text-editor\" data-id=\"6275120\" data-element_type=\"widget\" data-e-type=\"widget\" data-widget_type=\"text-editor.default\">\n\t\t\t\t\t\t\t\t\t<p>\u0646\u0641\u062e\u0631 \u0628\u062e\u062f\u0645\u0629 \u0634\u0631\u0627\u0626\u062d \u0645\u062a\u0646\u0648\u0639\u0629 \u0645\u0646 \u0627\u0644\u0645\u062c\u062a\u0645\u0639. \u0644\u0644\u0645\u062a\u0642\u0627\u0639\u062f\u064a\u0646 \u0648\u0636\u0628\u0627\u0637 \u0627\u0644\u0634\u0631\u0637\u0629 \u0648\u0627\u0644\u0645\u0639\u0644\u0645\u064a\u0646 \u0648\u0627\u0644\u0639\u062f\u064a\u062f \u0645\u0646 \u0627\u0644\u0645\u0624\u0633\u0633\u0627\u062a \u0627\u0644\u0639\u0627\u0645\u0629\u060c \u0646\u0642\u062f\u0645 \u062e\u0635\u0648\u0645\u0627\u062a \u0648\u0645\u0632\u0627\u064a\u0627 \u062e\u0627\u0635\u0629.<\/p>\t\t\t\t\t\t\t\t<\/div>\n\t\t\t\t\t<\/div>\n\t\t\t\t<\/div>\n\t\t<div class=\"elementor-element elementor-element-aa90ba5 e-grid e-con-boxed wpr-particle-no wpr-jarallax-no wpr-parallax-no wpr-sticky-section-no e-con e-parent\" data-id=\"aa90ba5\" data-element_type=\"container\" data-e-type=\"container\">\n\t\t\t\t\t<div class=\"e-con-inner\">\n\t\t<div class=\"elementor-element elementor-element-058686c e-con-full e-flex wpr-particle-no wpr-jarallax-no wpr-parallax-no wpr-sticky-section-no e-con e-child\" data-id=\"058686c\" data-element_type=\"container\" data-e-type=\"container\" data-settings=\"{&quot;background_background&quot;:&quot;classic&quot;}\">\n\t\t\t\t<div class=\"elementor-element elementor-element-911884c elementor-widget elementor-widget-image\" data-id=\"911884c\" data-element_type=\"widget\" data-e-type=\"widget\" data-widget_type=\"image.default\">\n\t\t\t\t\t\t\t\t\t\t\t\t\t\t\t<img fetchpriority=\"high\" decoding=\"async\" width=\"720\" height=\"400\" src=\"https:\/\/dtimad.com.tr\/wp-content\/uploads\/2025\/12\/ogretmen-kimdir.jpg\" class=\"attachment-full size-full wp-image-4074\" alt=\"\" srcset=\"https:\/\/dtimad.com.tr\/wp-content\/uploads\/2025\/12\/ogretmen-kimdir.jpg 720w, https:\/\/dtimad.com.tr\/wp-content\/uploads\/2025\/12\/ogretmen-kimdir-300x167.jpg 300w, https:\/\/dtimad.com.tr\/wp-content\/uploads\/2025\/12\/ogretmen-kimdir-18x10.jpg 18w\" sizes=\"(max-width: 720px) 100vw, 720px\" \/>\t\t\t\t\t\t\t\t\t\t\t\t\t\t\t<\/div>\n\t\t\t\t<div class=\"elementor-element elementor-element-c8d2189 elementor-widget elementor-widget-heading\" data-id=\"c8d2189\" data-element_type=\"widget\" data-e-type=\"widget\" data-widget_type=\"heading.default\">\n\t\t\t\t\t<h5 class=\"elementor-heading-title elementor-size-default\">15 % \u062a\u062e\u0641\u064a\u0636 \u0644\u0644\u0645\u0639\u0644\u0645\u064a\u0646<\/h5>\t\t\t\t<\/div>\n\t\t\t\t<div class=\"elementor-element elementor-element-4faab92 elementor-widget elementor-widget-text-editor\" data-id=\"4faab92\" data-element_type=\"widget\" data-e-type=\"widget\" data-widget_type=\"text-editor.default\">\n\t\t\t\t\t\t\t\t\t<p>\u0627\u0644\u0645\u0639\u0644\u0645\u064a\u0646 \u0648\u0627\u0644\u0645\u0639\u0644\u0645\u0627\u062a<\/p>\t\t\t\t\t\t\t\t<\/div>\n\t\t\t\t<\/div>\n\t\t<div class=\"elementor-element elementor-element-abc3347 e-con-full e-flex wpr-particle-no wpr-jarallax-no wpr-parallax-no wpr-sticky-section-no e-con e-child\" data-id=\"abc3347\" data-element_type=\"container\" data-e-type=\"container\" data-settings=\"{&quot;background_background&quot;:&quot;classic&quot;}\">\n\t\t\t\t<div class=\"elementor-element elementor-element-1abb3cd elementor-widget elementor-widget-image\" data-id=\"1abb3cd\" data-element_type=\"widget\" data-e-type=\"widget\" data-widget_type=\"image.default\">\n\t\t\t\t\t\t\t\t\t\t\t\t\t\t\t<img decoding=\"async\" width=\"750\" height=\"500\" src=\"https:\/\/dtimad.com.tr\/wp-content\/uploads\/2025\/12\/polis-kiyafetleri-tarzinizi-yansitan-secenekler-1024x683.png\" class=\"attachment-large size-large wp-image-4075\" alt=\"\" srcset=\"https:\/\/dtimad.com.tr\/wp-content\/uploads\/2025\/12\/polis-kiyafetleri-tarzinizi-yansitan-secenekler-1024x683.png 1024w, https:\/\/dtimad.com.tr\/wp-content\/uploads\/2025\/12\/polis-kiyafetleri-tarzinizi-yansitan-secenekler-300x200.png 300w, https:\/\/dtimad.com.tr\/wp-content\/uploads\/2025\/12\/polis-kiyafetleri-tarzinizi-yansitan-secenekler-768x512.png 768w, https:\/\/dtimad.com.tr\/wp-content\/uploads\/2025\/12\/polis-kiyafetleri-tarzinizi-yansitan-secenekler-370x247.png 370w, https:\/\/dtimad.com.tr\/wp-content\/uploads\/2025\/12\/polis-kiyafetleri-tarzinizi-yansitan-secenekler-270x180.png 270w, https:\/\/dtimad.com.tr\/wp-content\/uploads\/2025\/12\/polis-kiyafetleri-tarzinizi-yansitan-secenekler-18x12.png 18w, https:\/\/dtimad.com.tr\/wp-content\/uploads\/2025\/12\/polis-kiyafetleri-tarzinizi-yansitan-secenekler-360x240.png 360w, https:\/\/dtimad.com.tr\/wp-content\/uploads\/2025\/12\/polis-kiyafetleri-tarzinizi-yansitan-secenekler.png 1200w\" sizes=\"(max-width: 750px) 100vw, 750px\" \/>\t\t\t\t\t\t\t\t\t\t\t\t\t\t\t<\/div>\n\t\t\t\t<div class=\"elementor-element elementor-element-956a140 elementor-widget elementor-widget-heading\" data-id=\"956a140\" data-element_type=\"widget\" data-e-type=\"widget\" data-widget_type=\"heading.default\">\n\t\t\t\t\t<h5 class=\"elementor-heading-title elementor-size-default\">15 % \u062a\u062e\u0641\u064a\u0636 \u0644\u0644\u0627\u0645\u0646 \u0627\u0644\u0639\u0627\u0645<\/h5>\t\t\t\t<\/div>\n\t\t\t\t<div class=\"elementor-element elementor-element-e87a31e elementor-widget elementor-widget-text-editor\" data-id=\"e87a31e\" data-element_type=\"widget\" data-e-type=\"widget\" data-widget_type=\"text-editor.default\">\n\t\t\t\t\t\t\t\t\t<p>\u0627\u0644\u0634\u0631\u0637\u0629<\/p>\t\t\t\t\t\t\t\t<\/div>\n\t\t\t\t<\/div>\n\t\t<div class=\"elementor-element elementor-element-99d5ea4 e-con-full e-flex wpr-particle-no wpr-jarallax-no wpr-parallax-no wpr-sticky-section-no e-con e-child\" data-id=\"99d5ea4\" data-element_type=\"container\" data-e-type=\"container\" data-settings=\"{&quot;background_background&quot;:&quot;classic&quot;}\">\n\t\t\t\t<div class=\"elementor-element elementor-element-1e7795a elementor-widget__width-initial elementor-widget elementor-widget-image\" data-id=\"1e7795a\" data-element_type=\"widget\" data-e-type=\"widget\" data-widget_type=\"image.default\">\n\t\t\t\t\t\t\t\t\t\t\t\t\t\t\t<img decoding=\"async\" width=\"150\" height=\"150\" src=\"https:\/\/dtimad.com.tr\/wp-content\/uploads\/2025\/12\/retired-icon-14-150x150.png\" class=\"attachment-thumbnail size-thumbnail wp-image-3704\" alt=\"\" srcset=\"https:\/\/dtimad.com.tr\/wp-content\/uploads\/2025\/12\/retired-icon-14-150x150.png 150w, https:\/\/dtimad.com.tr\/wp-content\/uploads\/2025\/12\/retired-icon-14-300x300.png 300w, https:\/\/dtimad.com.tr\/wp-content\/uploads\/2025\/12\/retired-icon-14-355x355.png 355w, https:\/\/dtimad.com.tr\/wp-content\/uploads\/2025\/12\/retired-icon-14-370x370.png 370w, https:\/\/dtimad.com.tr\/wp-content\/uploads\/2025\/12\/retired-icon-14-170x170.png 170w, https:\/\/dtimad.com.tr\/wp-content\/uploads\/2025\/12\/retired-icon-14-12x12.png 12w, https:\/\/dtimad.com.tr\/wp-content\/uploads\/2025\/12\/retired-icon-14.png 512w\" sizes=\"(max-width: 150px) 100vw, 150px\" \/>\t\t\t\t\t\t\t\t\t\t\t\t\t\t\t<\/div>\n\t\t\t\t<div class=\"elementor-element elementor-element-c0251c8 elementor-widget elementor-widget-text-editor\" data-id=\"c0251c8\" data-element_type=\"widget\" data-e-type=\"widget\" data-widget_type=\"text-editor.default\">\n\t\t\t\t\t\t\t\t\t<p>\u0644\u0645\u0646 \u0633\u0646\u0647 65 + \u0641\u0645\u0627 \u0641\u0648\u0642<\/p>\t\t\t\t\t\t\t\t<\/div>\n\t\t\t\t<div class=\"elementor-element elementor-element-cbb0f22 elementor-widget elementor-widget-heading\" data-id=\"cbb0f22\" data-element_type=\"widget\" data-e-type=\"widget\" data-widget_type=\"heading.default\">\n\t\t\t\t\t<h5 class=\"elementor-heading-title elementor-size-default\">\u062a\u062e\u0641\u064a\u0636 10 % \u0644\u0644\u0645\u062a\u0642\u0627\u0639\u062f\u064a\u0646<\/h5>\t\t\t\t<\/div>\n\t\t\t\t<\/div>\n\t\t<div class=\"elementor-element elementor-element-b3e5bf5 e-con-full e-flex wpr-particle-no wpr-jarallax-no wpr-parallax-no wpr-sticky-section-no e-con e-child\" data-id=\"b3e5bf5\" data-element_type=\"container\" data-e-type=\"container\" data-settings=\"{&quot;background_background&quot;:&quot;classic&quot;}\">\n\t\t\t\t<div class=\"elementor-element elementor-element-a9d2207 elementor-widget elementor-widget-image\" data-id=\"a9d2207\" data-element_type=\"widget\" data-e-type=\"widget\" data-widget_type=\"image.default\">\n\t\t\t\t\t\t\t\t\t\t\t\t\t\t\t<img loading=\"lazy\" decoding=\"async\" width=\"150\" height=\"150\" src=\"https:\/\/dtimad.com.tr\/wp-content\/uploads\/2025\/12\/doktor-detay-a620ac9e-f5ef-4e25-a2b2-d0ede04b58f1-150x150.webp\" class=\"attachment-thumbnail size-thumbnail wp-image-4073\" alt=\"\" srcset=\"https:\/\/dtimad.com.tr\/wp-content\/uploads\/2025\/12\/doktor-detay-a620ac9e-f5ef-4e25-a2b2-d0ede04b58f1-150x150.webp 150w, https:\/\/dtimad.com.tr\/wp-content\/uploads\/2025\/12\/doktor-detay-a620ac9e-f5ef-4e25-a2b2-d0ede04b58f1-355x355.webp 355w, https:\/\/dtimad.com.tr\/wp-content\/uploads\/2025\/12\/doktor-detay-a620ac9e-f5ef-4e25-a2b2-d0ede04b58f1-370x370.webp 370w, https:\/\/dtimad.com.tr\/wp-content\/uploads\/2025\/12\/doktor-detay-a620ac9e-f5ef-4e25-a2b2-d0ede04b58f1-170x170.webp 170w, https:\/\/dtimad.com.tr\/wp-content\/uploads\/2025\/12\/doktor-detay-a620ac9e-f5ef-4e25-a2b2-d0ede04b58f1-300x300.webp 300w\" sizes=\"(max-width: 150px) 100vw, 150px\" \/>\t\t\t\t\t\t\t\t\t\t\t\t\t\t\t<\/div>\n\t\t\t\t<div class=\"elementor-element elementor-element-1d1ab54 elementor-widget elementor-widget-heading\" data-id=\"1d1ab54\" data-element_type=\"widget\" data-e-type=\"widget\" data-widget_type=\"heading.default\">\n\t\t\t\t\t<h5 class=\"elementor-heading-title elementor-size-default\">10 % \u062a\u062e\u0641\u064a\u0636 \u0644\u0645\u0642\u062f\u0645\u064a \u0627\u0644\u062e\u062f\u0645\u0627\u062a \u0627\u0644\u0635\u062d\u064a\u0629<\/h5>\t\t\t\t<\/div>\n\t\t\t\t<\/div>\n\t\t<div class=\"elementor-element elementor-element-67a877b e-con-full e-flex wpr-particle-no wpr-jarallax-no wpr-parallax-no wpr-sticky-section-no e-con e-child\" data-id=\"67a877b\" data-element_type=\"container\" data-e-type=\"container\" data-settings=\"{&quot;background_background&quot;:&quot;classic&quot;}\">\n\t\t\t\t<div class=\"elementor-element elementor-element-940e6f8 elementor-widget__width-initial elementor-widget elementor-widget-image\" data-id=\"940e6f8\" data-element_type=\"widget\" data-e-type=\"widget\" data-widget_type=\"image.default\">\n\t\t\t\t\t\t\t\t\t\t\t\t\t\t\t<img loading=\"lazy\" decoding=\"async\" width=\"1000\" height=\"569\" src=\"https:\/\/dtimad.com.tr\/wp-content\/uploads\/2025\/12\/Jandarma.jpg\" class=\"attachment-full size-full wp-image-4331\" alt=\"\" srcset=\"https:\/\/dtimad.com.tr\/wp-content\/uploads\/2025\/12\/Jandarma.jpg 1000w, https:\/\/dtimad.com.tr\/wp-content\/uploads\/2025\/12\/Jandarma-300x171.jpg 300w, https:\/\/dtimad.com.tr\/wp-content\/uploads\/2025\/12\/Jandarma-768x437.jpg 768w, https:\/\/dtimad.com.tr\/wp-content\/uploads\/2025\/12\/Jandarma-18x10.jpg 18w\" sizes=\"(max-width: 1000px) 100vw, 1000px\" \/>\t\t\t\t\t\t\t\t\t\t\t\t\t\t\t<\/div>\n\t\t\t\t<div class=\"elementor-element elementor-element-caa7a47 elementor-widget elementor-widget-heading\" data-id=\"caa7a47\" data-element_type=\"widget\" data-e-type=\"widget\" data-widget_type=\"heading.default\">\n\t\t\t\t\t<h5 class=\"elementor-heading-title elementor-size-default\">\u062e\u0635\u0645 20% \u0644\u0642\u0648\u0627\u062a \u0627\u0644\u0623\u0645\u0646 \u0627\u0644\u0645\u0633\u0644\u062d\u0629<\/h5>\t\t\t\t<\/div>\n\t\t\t\t<\/div>\n\t\t<div class=\"elementor-element elementor-element-5b47fad e-con-full e-flex wpr-particle-no wpr-jarallax-no wpr-parallax-no wpr-sticky-section-no e-con e-child\" data-id=\"5b47fad\" data-element_type=\"container\" data-e-type=\"container\" data-settings=\"{&quot;background_background&quot;:&quot;classic&quot;}\">\n\t\t\t\t<div class=\"elementor-element elementor-element-a20ffb0 elementor-widget__width-initial elementor-widget elementor-widget-image\" data-id=\"a20ffb0\" data-element_type=\"widget\" data-e-type=\"widget\" data-widget_type=\"image.default\">\n\t\t\t\t\t\t\t\t\t\t\t\t\t\t\t<img loading=\"lazy\" decoding=\"async\" width=\"1200\" height=\"799\" src=\"https:\/\/dtimad.com.tr\/wp-content\/uploads\/2025\/12\/isci-ve-isveren-avukati.jpeg\" class=\"attachment-full size-full wp-image-4344\" alt=\"\" srcset=\"https:\/\/dtimad.com.tr\/wp-content\/uploads\/2025\/12\/isci-ve-isveren-avukati.jpeg 1200w, https:\/\/dtimad.com.tr\/wp-content\/uploads\/2025\/12\/isci-ve-isveren-avukati-300x200.jpeg 300w, https:\/\/dtimad.com.tr\/wp-content\/uploads\/2025\/12\/isci-ve-isveren-avukati-1024x682.jpeg 1024w, https:\/\/dtimad.com.tr\/wp-content\/uploads\/2025\/12\/isci-ve-isveren-avukati-768x511.jpeg 768w, https:\/\/dtimad.com.tr\/wp-content\/uploads\/2025\/12\/isci-ve-isveren-avukati-370x247.jpeg 370w, https:\/\/dtimad.com.tr\/wp-content\/uploads\/2025\/12\/isci-ve-isveren-avukati-270x180.jpeg 270w, https:\/\/dtimad.com.tr\/wp-content\/uploads\/2025\/12\/isci-ve-isveren-avukati-18x12.jpeg 18w, https:\/\/dtimad.com.tr\/wp-content\/uploads\/2025\/12\/isci-ve-isveren-avukati-360x240.jpeg 360w\" sizes=\"(max-width: 1200px) 100vw, 1200px\" \/>\t\t\t\t\t\t\t\t\t\t\t\t\t\t\t<\/div>\n\t\t\t\t<div class=\"elementor-element elementor-element-e2dd883 elementor-widget elementor-widget-heading\" data-id=\"e2dd883\" data-element_type=\"widget\" data-e-type=\"widget\" data-widget_type=\"heading.default\">\n\t\t\t\t\t<h5 class=\"elementor-heading-title elementor-size-default\">\u062e\u0635\u0645 5% \u0644\u0644\u0639\u0645\u0627\u0644<\/h5>\t\t\t\t<\/div>\n\t\t\t\t<\/div>\n\t\t\t\t\t<\/div>\n\t\t\t\t<\/div>\n\t\t<div class=\"elementor-element elementor-element-27b0608 e-flex e-con-boxed wpr-particle-no wpr-jarallax-no wpr-parallax-no wpr-sticky-section-no e-con e-parent\" data-id=\"27b0608\" data-element_type=\"container\" data-e-type=\"container\" data-settings=\"{&quot;background_background&quot;:&quot;classic&quot;}\">\n\t\t\t\t\t<div class=\"e-con-inner\">\n\t\t\t\t<div class=\"elementor-element elementor-element-2372075 elementor-widget elementor-widget-heading\" data-id=\"2372075\" data-element_type=\"widget\" data-e-type=\"widget\" data-widget_type=\"heading.default\">\n\t\t\t\t\t<h2 class=\"elementor-heading-title elementor-size-default\">\u0627\u0633\u062a\u0641\u064a\u062f \u0627\u0646\u062a \u0627\u064a\u0636\u0627 \u0645\u0646 \u0627\u0644\u062a\u062e\u0641\u064a\u0636\u0627\u062a <\/h2>\t\t\t\t<\/div>\n\t\t\t\t<div class=\"elementor-element elementor-element-104d682 elementor-widget elementor-widget-text-editor\" data-id=\"104d682\" data-element_type=\"widget\" data-e-type=\"widget\" data-widget_type=\"text-editor.default\">\n\t\t\t\t\t\t\t\t\t<p>\u062a\u0648\u0627\u0635\u0644 \u0645\u0639\u0646\u0627\u00a0<\/p>\t\t\t\t\t\t\t\t<\/div>\n\t\t\t\t<div class=\"elementor-element elementor-element-c100c7e elementor-align-center elementor-widget elementor-widget-button\" data-id=\"c100c7e\" data-element_type=\"widget\" data-e-type=\"widget\" data-widget_type=\"button.default\">\n\t\t\t\t\t\t\t\t\t\t<a class=\"elementor-button elementor-button-link elementor-size-sm\" href=\"tel:905330399880\">\n\t\t\t\t\t\t<span class=\"elementor-button-content-wrapper\">\n\t\t\t\t\t\t\t\t\t<span class=\"elementor-button-text\">\u0627\u062a\u0635\u0644 \u0639\u0644\u0649 \u0627\u0644\u0647\u0627\u062a\u0641<\/span>\n\t\t\t\t\t<\/span>\n\t\t\t\t\t<\/a>\n\t\t\t\t\t\t\t\t<\/div>\n\t\t\t\t\t<\/div>\n\t\t\t\t<\/div>\n\t\t\t\t<\/div>","protected":false},"excerpt":{"rendered":"<p>\u0130ND\u0130R\u0130MLER \u00d6zel Avantajlar Toplumun farkl\u0131 kesimlerine hizmet vermenin gururunu ya\u015f\u0131yoruz. Emekliler, polisler ve \u00f6\u011fretmenlere\u00a0 \u00f6zel indirim ve avantajlar sunuyoruz. \u00d6\u011fretmenlerimize %15 indirim \u00d6\u011fretmenler Polislerimize %15 indirim Polis 65+ ya\u015f \u00fcst\u00fc<\/p>","protected":false},"author":1,"featured_media":0,"parent":0,"menu_order":0,"comment_status":"closed","ping_status":"closed","template":"","meta":{"_eb_attr":"","breadcrumbs_single_post":"","page_title_panel":"","breadcrumbs_single_page":"","single_page_alignment":"","single_page_margin":"","page_structure_type":"","content_style_source":"","content_style":"","blog_post_streched_ed":"","blog_page_streched_ed":"","has_transparent_header":"","disable_transparent_header":"","vertical_spacing_source":"","content_area_spacing":"","single_post_content_background":"","single_page_content_background":"","single_post_boxed_content_spacing":"","single_page_boxed_content_spacing":"","single_post_content_boxed_radius":"","single_page_content_boxed_radius":"","disable_featured_image":"","disable_post_tags":"","disable_author_box":"","disable_posts_navigation":"","disable_comments":"","disable_related_posts":"","disable_header":"","disable_footer":"","footnotes":""},"class_list":["post-607","page","type-page","status-publish","hentry","rishi-post","no-post-thumbnail"],"_hostinger_reach_plugin_has_subscription_block":false,"_hostinger_reach_plugin_is_elementor":false,"_links":{"self":[{"href":"https:\/\/dtimad.com.tr\/ar\/wp-json\/wp\/v2\/pages\/607","targetHints":{"allow":["GET"]}}],"collection":[{"href":"https:\/\/dtimad.com.tr\/ar\/wp-json\/wp\/v2\/pages"}],"about":[{"href":"https:\/\/dtimad.com.tr\/ar\/wp-json\/wp\/v2\/types\/page"}],"author":[{"embeddable":true,"href":"https:\/\/dtimad.com.tr\/ar\/wp-json\/wp\/v2\/users\/1"}],"replies":[{"embeddable":true,"href":"https:\/\/dtimad.com.tr\/ar\/wp-json\/wp\/v2\/comments?post=607"}],"version-history":[{"count":41,"href":"https:\/\/dtimad.com.tr\/ar\/wp-json\/wp\/v2\/pages\/607\/revisions"}],"predecessor-version":[{"id":4519,"href":"https:\/\/dtimad.com.tr\/ar\/wp-json\/wp\/v2\/pages\/607\/revisions\/4519"}],"wp:attachment":[{"href":"https:\/\/dtimad.com.tr\/ar\/wp-json\/wp\/v2\/media?parent=607"}],"curies":[{"name":"wp","href":"https:\/\/api.w.org\/{rel}","templated":true}]}}