{"id":540,"date":"2021-09-09T06:49:00","date_gmt":"2021-09-09T06:49:00","guid":{"rendered":"https:\/\/dtimad.com.tr\/services\/"},"modified":"2025-12-24T17:22:51","modified_gmt":"2025-12-24T17:22:51","slug":"kanal-tedavi","status":"publish","type":"page","link":"https:\/\/dtimad.com.tr\/ar\/kanal-tedavi\/","title":{"rendered":"\u0639\u0644\u0627\u062c \u062c\u0630\u0631 \u0648\u0627\u0639\u0635\u0627\u0628 \u0627\u0644\u0623\u0633\u0646\u0627\u0646"},"content":{"rendered":"<div data-elementor-type=\"wp-page\" data-elementor-id=\"540\" class=\"elementor elementor-540\" data-elementor-post-type=\"page\">\n\t\t\t\t<div class=\"elementor-element elementor-element-f004933 e-flex e-con-boxed wpr-particle-no wpr-jarallax-no wpr-parallax-no wpr-sticky-section-no e-con e-parent\" data-id=\"f004933\" data-element_type=\"container\" data-e-type=\"container\" data-settings=\"{&quot;background_background&quot;:&quot;classic&quot;}\">\n\t\t\t\t\t<div class=\"e-con-inner\">\n\t\t\t\t<div class=\"elementor-element elementor-element-ce84c30 elementor-widget elementor-widget-text-editor\" data-id=\"ce84c30\" data-element_type=\"widget\" data-e-type=\"widget\" data-widget_type=\"text-editor.default\">\n\t\t\t\t\t\t\t\t\t<p>\u0627\u0644\u062e\u062f\u0645\u0627\u062a<\/p>\t\t\t\t\t\t\t\t<\/div>\n\t\t\t\t<div class=\"elementor-element elementor-element-511d842 elementor-widget elementor-widget-heading\" data-id=\"511d842\" data-element_type=\"widget\" data-e-type=\"widget\" data-widget_type=\"heading.default\">\n\t\t\t\t\t<h1 class=\"elementor-heading-title elementor-size-default\">\u0639\u0644\u0627\u062c \u062c\u0630\u0631 \u0648\u0627\u0639\u0635\u0627\u0628 \u0627\u0644\u0623\u0633\u0646\u0627\u0646<\/h1>\t\t\t\t<\/div>\n\t\t\t\t<div class=\"elementor-element elementor-element-deb35e9 elementor-widget elementor-widget-text-editor\" data-id=\"deb35e9\" data-element_type=\"widget\" data-e-type=\"widget\" data-widget_type=\"text-editor.default\">\n\t\t\t\t\t\t\t\t\t<p>\u0646\u0642\u0648\u0645 \u0628\u0639\u0644\u0627\u062c \u0627\u0639\u0635\u0627\u0628 \u0627\u0644\u0623\u0633\u0646\u0627\u0646 \u0628\u0627\u062d\u062a\u0631\u0627\u0641\u064a\u0629<\/p>\t\t\t\t\t\t\t\t<\/div>\n\t\t\t\t\t<\/div>\n\t\t\t\t<\/div>\n\t\t<div class=\"elementor-element elementor-element-fe7795b e-flex e-con-boxed wpr-particle-no wpr-jarallax-no wpr-parallax-no wpr-sticky-section-no e-con e-parent\" data-id=\"fe7795b\" data-element_type=\"container\" data-e-type=\"container\">\n\t\t\t\t\t<div class=\"e-con-inner\">\n\t\t<div class=\"elementor-element elementor-element-afb0456 e-con-full e-flex wpr-particle-no wpr-jarallax-no wpr-parallax-no wpr-sticky-section-no e-con e-child\" data-id=\"afb0456\" data-element_type=\"container\" data-e-type=\"container\">\n\t\t\t\t<div class=\"elementor-element elementor-element-c9b7b33 elementor-widget elementor-widget-heading\" data-id=\"c9b7b33\" data-element_type=\"widget\" data-e-type=\"widget\" data-widget_type=\"heading.default\">\n\t\t\t\t\t<span class=\"elementor-heading-title elementor-size-default\">\u0643\u064a\u0641\u064a\u0629 \u0627\u0644\u0639\u0645\u0644 \u061f<\/span>\t\t\t\t<\/div>\n\t\t\t\t<div class=\"elementor-element elementor-element-d891937 elementor-widget elementor-widget-heading\" data-id=\"d891937\" data-element_type=\"widget\" data-e-type=\"widget\" data-widget_type=\"heading.default\">\n\t\t\t\t\t<h2 class=\"elementor-heading-title elementor-size-default\">\u0639\u0644\u0627\u062c \u0627\u0644\u0642\u0646\u0627\u0629 \u0648\u0627\u0644\u0627\u0639\u0635\u0627\u0628<\/h2>\t\t\t\t<\/div>\n\t\t\t\t<div class=\"elementor-element elementor-element-d6c13d8 elementor-widget elementor-widget-text-editor\" data-id=\"d6c13d8\" data-element_type=\"widget\" data-e-type=\"widget\" data-widget_type=\"text-editor.default\">\n\t\t\t\t\t\t\t\t\t<p>\u0639\u0644\u0627\u062c \u0642\u0646\u0627\u0629 \u0627\u0644\u062c\u0630\u0631\u060c \u0623\u0648 \u0639\u0644\u0627\u062c \u0644\u0628 \u0627\u0644\u0623\u0633\u0646\u0627\u0646\u060c \u0647\u0648 \u0639\u0645\u0644\u064a\u0629 \u0625\u0632\u0627\u0644\u0629 \u0644\u0628 \u0627\u0644\u0633\u0646 \u0627\u0644\u0645\u0644\u062a\u0647\u0628 \u0623\u0648 \u0627\u0644\u0645\u0635\u0627\u0628 \u0628\u0627\u0644\u0645\u064a\u0643\u0631\u0648\u0628\u0627\u062a\u060c \u0648\u062a\u0646\u0638\u064a\u0641 \u0648\u062a\u0634\u0643\u064a\u0644 \u0642\u0646\u0627\u0629 \u0627\u0644\u062c\u0630\u0631\u060c \u062b\u0645 \u0645\u0644\u0624\u0647\u0627 \u0628\u0645\u0648\u0627\u062f \u062d\u0634\u0648 \u0645\u062a\u0648\u0627\u0641\u0642\u0629 \u062d\u064a\u0648\u064a\u0627\u064b. \u062a\u064f\u0639\u0631\u0641 \u0647\u0630\u0647 \u0627\u0644\u0639\u0645\u0644\u064a\u0629 \u0628\u0631\u0645\u062a\u0647\u0627 \u0628\u0639\u0644\u0627\u062c \u0642\u0646\u0627\u0629 \u0627\u0644\u062c\u0630\u0631. \u064a\u064f\u0633\u062a\u062e\u062f\u0645 \u0639\u0644\u0627\u062c \u0642\u0646\u0627\u0629 \u0627\u0644\u062c\u0630\u0631 \u0639\u0646\u062f\u0645\u0627 \u064a\u062a\u0623\u062b\u0631 \u062c\u0630\u0631 \u0627\u0644\u0633\u0646 \u0628\u0627\u0644\u062a\u0633\u0648\u0633 \u0623\u0648 \u0627\u0644\u0625\u0635\u0627\u0628\u0627\u062a \u0627\u0644\u0645\u062e\u062a\u0644\u0641\u0629. \u0648\u0627\u0644\u0647\u062f\u0641 \u0645\u0646\u0647 \u0647\u0648 \u0645\u0646\u0639 \u0641\u0642\u062f\u0627\u0646 \u0627\u0644\u0633\u0646 \u0648\u0636\u0645\u0627\u0646 \u0628\u0642\u0627\u0626\u0647 \u0641\u0639\u0627\u0644\u0627\u064b \u0641\u064a \u0639\u0638\u0645 \u0627\u0644\u0641\u0643\u060c \u0644\u064a\u0624\u062f\u064a \u0648\u0638\u0627\u0626\u0641\u0647 \u0627\u0644\u0637\u0628\u064a\u0639\u064a\u0629.<\/p>\t\t\t\t\t\t\t\t<\/div>\n\t\t\t\t<div class=\"elementor-element elementor-element-7c34b6e elementor-position-inline-end elementor-view-default elementor-mobile-position-block-start elementor-widget elementor-widget-icon-box\" data-id=\"7c34b6e\" data-element_type=\"widget\" data-e-type=\"widget\" data-widget_type=\"icon-box.default\">\n\t\t\t\t\t\t\t<div class=\"elementor-icon-box-wrapper\">\n\n\t\t\t\t\t\t<div class=\"elementor-icon-box-icon\">\n\t\t\t\t<span  class=\"elementor-icon\">\n\t\t\t\t<svg aria-hidden=\"true\" class=\"e-font-icon-svg e-far-check-circle\" viewbox=\"0 0 512 512\" xmlns=\"http:\/\/www.w3.org\/2000\/svg\"><path d=\"M256 8C119.033 8 8 119.033 8 256s111.033 248 248 248 248-111.033 248-248S392.967 8 256 8zm0 48c110.532 0 200 89.451 200 200 0 110.532-89.451 200-200 200-110.532 0-200-89.451-200-200 0-110.532 89.451-200 200-200m140.204 130.267l-22.536-22.718c-4.667-4.705-12.265-4.736-16.97-.068L215.346 303.697l-59.792-60.277c-4.667-4.705-12.265-4.736-16.97-.069l-22.719 22.536c-4.705 4.667-4.736 12.265-.068 16.971l90.781 91.516c4.667 4.705 12.265 4.736 16.97.068l172.589-171.204c4.704-4.668 4.734-12.266.067-16.971z\"><\/path><\/svg>\t\t\t\t<\/span>\n\t\t\t<\/div>\n\t\t\t\n\t\t\t\t\t\t<div class=\"elementor-icon-box-content\">\n\n\t\t\t\t\t\t\t\t\t<h3 class=\"elementor-icon-box-title\">\n\t\t\t\t\t\t<span  >\n\t\t\t\t\t\t\t\u0639\u0644\u0627\u062c \u062f\u0627\u0626\u0645 \u0648\u063a\u064a\u0631 \u0645\u0624\u0644\u0645 \u0644\u0642\u0646\u0627\u0629 \u0627\u0644\u062c\u0630\u0631\t\t\t\t\t\t<\/span>\n\t\t\t\t\t<\/h3>\n\t\t\t\t\n\t\t\t\t\n\t\t\t<\/div>\n\t\t\t\n\t\t<\/div>\n\t\t\t\t\t\t<\/div>\n\t\t\t\t<div class=\"elementor-element elementor-element-34e26e1 elementor-position-inline-end elementor-view-default elementor-mobile-position-block-start elementor-widget elementor-widget-icon-box\" data-id=\"34e26e1\" data-element_type=\"widget\" data-e-type=\"widget\" data-widget_type=\"icon-box.default\">\n\t\t\t\t\t\t\t<div class=\"elementor-icon-box-wrapper\">\n\n\t\t\t\t\t\t<div class=\"elementor-icon-box-icon\">\n\t\t\t\t<span  class=\"elementor-icon\">\n\t\t\t\t<svg aria-hidden=\"true\" class=\"e-font-icon-svg e-far-question-circle\" viewbox=\"0 0 512 512\" xmlns=\"http:\/\/www.w3.org\/2000\/svg\"><path d=\"M256 8C119.043 8 8 119.083 8 256c0 136.997 111.043 248 248 248s248-111.003 248-248C504 119.083 392.957 8 256 8zm0 448c-110.532 0-200-89.431-200-200 0-110.495 89.472-200 200-200 110.491 0 200 89.471 200 200 0 110.53-89.431 200-200 200zm107.244-255.2c0 67.052-72.421 68.084-72.421 92.863V300c0 6.627-5.373 12-12 12h-45.647c-6.627 0-12-5.373-12-12v-8.659c0-35.745 27.1-50.034 47.579-61.516 17.561-9.845 28.324-16.541 28.324-29.579 0-17.246-21.999-28.693-39.784-28.693-23.189 0-33.894 10.977-48.942 29.969-4.057 5.12-11.46 6.071-16.666 2.124l-27.824-21.098c-5.107-3.872-6.251-11.066-2.644-16.363C184.846 131.491 214.94 112 261.794 112c49.071 0 101.45 38.304 101.45 88.8zM298 368c0 23.159-18.841 42-42 42s-42-18.841-42-42 18.841-42 42-42 42 18.841 42 42z\"><\/path><\/svg>\t\t\t\t<\/span>\n\t\t\t<\/div>\n\t\t\t\n\t\t\t\t\t\t<div class=\"elementor-icon-box-content\">\n\n\t\t\t\t\t\t\t\t\t<h3 class=\"elementor-icon-box-title\">\n\t\t\t\t\t\t<span  >\n\t\t\t\t\t\t\t\u0643\u064a\u0641 \u064a\u062a\u0645 \u062a\u0634\u062e\u064a\u0635 \u0639\u0644\u0627\u062c \u0642\u0646\u0627\u0629 \u0627\u0644\u062c\u0630\u0631\u061f\t\t\t\t\t\t<\/span>\n\t\t\t\t\t<\/h3>\n\t\t\t\t\n\t\t\t\t\t\t\t\t\t<p class=\"elementor-icon-box-description\">\n\t\t\t\t\t\t\u0628\u0645\u0627 \u0623\u0646 \u0643\u0644 \u0633\u0646 \u064a\u062d\u062a\u0648\u064a \u0639\u0644\u0649 \u0644\u0628\u060c \u0641\u0625\u0646 \u0639\u0644\u0627\u062c \u0642\u0646\u0627\u0629 \u0627\u0644\u062c\u0630\u0631 \u064a\u064f\u0645\u0643\u0646 \u062a\u0637\u0628\u064a\u0642\u0647 \u0639\u0644\u0649 \u0623\u064a \u0633\u0646. \u064a\u0633\u062a\u0637\u064a\u0639 \u0637\u0628\u064a\u0628 \u0627\u0644\u0623\u0633\u0646\u0627\u0646 \u0641\u064a \u0643\u062b\u064a\u0631 \u0645\u0646 \u0627\u0644\u0623\u062d\u064a\u0627\u0646 \u062a\u062d\u062f\u064a\u062f \u0645\u0627 \u0625\u0630\u0627 \u0643\u0627\u0646 \u0627\u0644\u0633\u0646 \u0628\u062d\u0627\u062c\u0629 \u0625\u0644\u0649 \u0639\u0644\u0627\u062c \u0642\u0646\u0627\u0629 \u0627\u0644\u062c\u0630\u0631 \u0645\u0646 \u062e\u0644\u0627\u0644 \u0627\u0644\u0641\u062d\u0635 \u0627\u0644\u0633\u0631\u064a\u0631\u064a. \u062a\u064f\u0639\u062f \u0627\u0644\u0623\u0634\u0639\u0629 \u0627\u0644\u0633\u064a\u0646\u064a\u0629 \u0623\u062f\u0627\u0629 \u062a\u0634\u062e\u064a\u0635\u064a\u0629 \u0645\u0641\u064a\u062f\u0629 \u0623\u062e\u0631\u0649\u060c \u0625\u0630 \u062a\u064f\u0638\u0647\u0631 \u0639\u062f\u062f \u0642\u0646\u0648\u0627\u062a \u0627\u0644\u062c\u0630\u0631 \u0641\u064a \u0627\u0644\u0633\u0646 \u0648\u0637\u0648\u0644\u0647\u0627.\t\t\t\t\t<\/p>\n\t\t\t\t\n\t\t\t<\/div>\n\t\t\t\n\t\t<\/div>\n\t\t\t\t\t\t<\/div>\n\t\t\t\t<\/div>\n\t\t<div class=\"elementor-element elementor-element-2932810 e-con-full e-flex wpr-particle-no wpr-jarallax-no wpr-parallax-no wpr-sticky-section-no e-con e-child\" data-id=\"2932810\" data-element_type=\"container\" data-e-type=\"container\">\n\t\t\t\t<div class=\"elementor-element elementor-element-b1bc57c elementor-widget elementor-widget-image\" data-id=\"b1bc57c\" data-element_type=\"widget\" data-e-type=\"widget\" data-widget_type=\"image.default\">\n\t\t\t\t\t\t\t\t\t\t\t\t\t\t\t<img fetchpriority=\"high\" decoding=\"async\" width=\"284\" height=\"178\" src=\"https:\/\/dtimad.com.tr\/wp-content\/uploads\/2025\/12\/kanalll.jpg\" class=\"attachment-large size-large wp-image-3913\" alt=\"\" srcset=\"https:\/\/dtimad.com.tr\/wp-content\/uploads\/2025\/12\/kanalll.jpg 284w, https:\/\/dtimad.com.tr\/wp-content\/uploads\/2025\/12\/kanalll-18x12.jpg 18w\" sizes=\"(max-width: 284px) 100vw, 284px\" \/>\t\t\t\t\t\t\t\t\t\t\t\t\t\t\t<\/div>\n\t\t\t\t<div class=\"elementor-element elementor-element-d8f52c8 elementor-widget elementor-widget-image\" data-id=\"d8f52c8\" data-element_type=\"widget\" data-e-type=\"widget\" data-widget_type=\"image.default\">\n\t\t\t\t\t\t\t\t\t\t\t\t\t\t\t<img decoding=\"async\" width=\"750\" height=\"563\" src=\"https:\/\/dtimad.com.tr\/wp-content\/uploads\/2025\/12\/kanaall.jpg\" class=\"attachment-large size-large wp-image-3912\" alt=\"\" srcset=\"https:\/\/dtimad.com.tr\/wp-content\/uploads\/2025\/12\/kanaall.jpg 1024w, https:\/\/dtimad.com.tr\/wp-content\/uploads\/2025\/12\/kanaall-300x225.jpg 300w, https:\/\/dtimad.com.tr\/wp-content\/uploads\/2025\/12\/kanaall-768x576.jpg 768w, https:\/\/dtimad.com.tr\/wp-content\/uploads\/2025\/12\/kanaall-16x12.jpg 16w\" sizes=\"(max-width: 750px) 100vw, 750px\" \/>\t\t\t\t\t\t\t\t\t\t\t\t\t\t\t<\/div>\n\t\t\t\t<\/div>\n\t\t\t\t\t<\/div>\n\t\t\t\t<\/div>\n\t\t<div class=\"elementor-element elementor-element-f4d570b e-flex e-con-boxed wpr-particle-no wpr-jarallax-no wpr-parallax-no wpr-sticky-section-no e-con e-parent\" data-id=\"f4d570b\" data-element_type=\"container\" data-e-type=\"container\" data-settings=\"{&quot;background_background&quot;:&quot;classic&quot;}\">\n\t\t\t\t\t<div class=\"e-con-inner\">\n\t\t\t\t<div class=\"elementor-element elementor-element-997125a elementor-widget elementor-widget-heading\" data-id=\"997125a\" data-element_type=\"widget\" data-e-type=\"widget\" data-widget_type=\"heading.default\">\n\t\t\t\t\t<h2 class=\"elementor-heading-title elementor-size-default\">\u0627\u0643\u062a\u0634\u0641 \u0633\u0628\u0628 \u0627\u0644\u0645 \u0623\u0633\u0646\u0627\u0646\u0643<\/h2>\t\t\t\t<\/div>\n\t\t\t\t<div class=\"elementor-element elementor-element-1dc4971 elementor-align-center elementor-widget elementor-widget-button\" data-id=\"1dc4971\" data-element_type=\"widget\" data-e-type=\"widget\" data-widget_type=\"button.default\">\n\t\t\t\t\t\t\t\t\t\t<a class=\"elementor-button elementor-button-link elementor-size-sm\" href=\"https:\/\/dtimad.com.tr\/ar\/bize-ulas\/#randevu-al\">\n\t\t\t\t\t\t<span class=\"elementor-button-content-wrapper\">\n\t\t\t\t\t\t\t\t\t<span class=\"elementor-button-text\">\u0623\u062d\u062c\u0632 \u0645\u0648\u0639\u062f<\/span>\n\t\t\t\t\t<\/span>\n\t\t\t\t\t<\/a>\n\t\t\t\t\t\t\t\t<\/div>\n\t\t\t\t\t<\/div>\n\t\t\t\t<\/div>\n\t\t\t\t<\/div>","protected":false},"excerpt":{"rendered":"<p>Hizmetler Kanal Tedavi (Endodonti) Gaziantepte Profesyonel \u015eekilde Kanal Tedavi sunuyoruz Nas\u0131l oluyor ? Kanal Tedavi : Endodontik tedavi yani kanal tedavisi, \u00e7e\u015fitli nedenlerle iltihaplanan veya mikroorganizmalar\u0131n yerle\u015fmesiyle enfekte olan pulpa<\/p>","protected":false},"author":1,"featured_media":0,"parent":0,"menu_order":0,"comment_status":"closed","ping_status":"closed","template":"","meta":{"_eb_attr":"","breadcrumbs_single_post":"","page_title_panel":"","breadcrumbs_single_page":"","single_page_alignment":"","single_page_margin":"","page_structure_type":"","content_style_source":"","content_style":"","blog_post_streched_ed":"","blog_page_streched_ed":"","has_transparent_header":"","disable_transparent_header":"","vertical_spacing_source":"","content_area_spacing":"","single_post_content_background":"","single_page_content_background":"","single_post_boxed_content_spacing":"","single_page_boxed_content_spacing":"","single_post_content_boxed_radius":"","single_page_content_boxed_radius":"","disable_featured_image":"","disable_post_tags":"","disable_author_box":"","disable_posts_navigation":"","disable_comments":"","disable_related_posts":"","disable_header":"","disable_footer":"","footnotes":""},"class_list":["post-540","page","type-page","status-publish","hentry","rishi-post","no-post-thumbnail"],"_hostinger_reach_plugin_has_subscription_block":false,"_hostinger_reach_plugin_is_elementor":false,"_links":{"self":[{"href":"https:\/\/dtimad.com.tr\/ar\/wp-json\/wp\/v2\/pages\/540","targetHints":{"allow":["GET"]}}],"collection":[{"href":"https:\/\/dtimad.com.tr\/ar\/wp-json\/wp\/v2\/pages"}],"about":[{"href":"https:\/\/dtimad.com.tr\/ar\/wp-json\/wp\/v2\/types\/page"}],"author":[{"embeddable":true,"href":"https:\/\/dtimad.com.tr\/ar\/wp-json\/wp\/v2\/users\/1"}],"replies":[{"embeddable":true,"href":"https:\/\/dtimad.com.tr\/ar\/wp-json\/wp\/v2\/comments?post=540"}],"version-history":[{"count":23,"href":"https:\/\/dtimad.com.tr\/ar\/wp-json\/wp\/v2\/pages\/540\/revisions"}],"predecessor-version":[{"id":4455,"href":"https:\/\/dtimad.com.tr\/ar\/wp-json\/wp\/v2\/pages\/540\/revisions\/4455"}],"wp:attachment":[{"href":"https:\/\/dtimad.com.tr\/ar\/wp-json\/wp\/v2\/media?parent=540"}],"curies":[{"name":"wp","href":"https:\/\/api.w.org\/{rel}","templated":true}]}}