{"id":417,"date":"2021-09-09T05:25:11","date_gmt":"2021-09-09T05:25:11","guid":{"rendered":"https:\/\/dtimad.com.tr\/about\/"},"modified":"2025-12-24T17:25:47","modified_gmt":"2025-12-24T17:25:47","slug":"dis-temizleme","status":"publish","type":"page","link":"https:\/\/dtimad.com.tr\/ar\/dis-temizleme\/","title":{"rendered":"\u062a\u0646\u0638\u064a\u0641 \u0627\u0644\u0623\u0633\u0646\u0627\u0646"},"content":{"rendered":"<div data-elementor-type=\"wp-page\" data-elementor-id=\"417\" class=\"elementor elementor-417\" data-elementor-post-type=\"page\">\n\t\t\t\t<div class=\"elementor-element elementor-element-6065a84 e-flex e-con-boxed wpr-particle-no wpr-jarallax-no wpr-parallax-no wpr-sticky-section-no e-con e-parent\" data-id=\"6065a84\" data-element_type=\"container\" data-e-type=\"container\" data-settings=\"{&quot;background_background&quot;:&quot;classic&quot;}\">\n\t\t\t\t\t<div class=\"e-con-inner\">\n\t\t\t\t<div class=\"elementor-element elementor-element-768648a elementor-widget elementor-widget-text-editor\" data-id=\"768648a\" data-element_type=\"widget\" data-e-type=\"widget\" data-widget_type=\"text-editor.default\">\n\t\t\t\t\t\t\t\t\t<p>\u0627\u0644\u062e\u062f\u0645\u0627\u062a<\/p>\t\t\t\t\t\t\t\t<\/div>\n\t\t\t\t<div class=\"elementor-element elementor-element-f8feaea elementor-widget elementor-widget-heading\" data-id=\"f8feaea\" data-element_type=\"widget\" data-e-type=\"widget\" data-widget_type=\"heading.default\">\n\t\t\t\t\t<h1 class=\"elementor-heading-title elementor-size-default\">\u062a\u0646\u0638\u064a\u0641 \u0627\u0644\u0623\u0633\u0646\u0627\u0646<\/h1>\t\t\t\t<\/div>\n\t\t\t\t\t<\/div>\n\t\t\t\t<\/div>\n\t\t<div class=\"elementor-element elementor-element-7abe697 e-flex e-con-boxed wpr-particle-no wpr-jarallax-no wpr-parallax-no wpr-sticky-section-no e-con e-parent\" data-id=\"7abe697\" data-element_type=\"container\" data-e-type=\"container\">\n\t\t\t\t\t<div class=\"e-con-inner\">\n\t\t<div class=\"elementor-element elementor-element-41e4b7f e-con-full e-flex wpr-particle-no wpr-jarallax-no wpr-parallax-no wpr-sticky-section-no e-con e-child\" data-id=\"41e4b7f\" data-element_type=\"container\" data-e-type=\"container\">\n\t\t<div class=\"elementor-element elementor-element-cf6819e e-con-full e-flex wpr-particle-no wpr-jarallax-no wpr-parallax-no wpr-sticky-section-no e-con e-child\" data-id=\"cf6819e\" data-element_type=\"container\" data-e-type=\"container\">\n\t\t<div class=\"elementor-element elementor-element-c643a09 e-con-full e-flex wpr-particle-no wpr-jarallax-no wpr-parallax-no wpr-sticky-section-no e-con e-child\" data-id=\"c643a09\" data-element_type=\"container\" data-e-type=\"container\">\n\t\t\t\t<div class=\"elementor-element elementor-element-c80b6d8 elementor-widget elementor-widget-heading\" data-id=\"c80b6d8\" data-element_type=\"widget\" data-e-type=\"widget\" data-widget_type=\"heading.default\">\n\t\t\t\t\t<span class=\"elementor-heading-title elementor-size-default\">\u0643\u064a\u0641\u064a\u0629 \u0627\u0644\u0639\u0645\u0644 \u061f<\/span>\t\t\t\t<\/div>\n\t\t\t\t<div class=\"elementor-element elementor-element-b662ff7 elementor-widget elementor-widget-heading\" data-id=\"b662ff7\" data-element_type=\"widget\" data-e-type=\"widget\" data-widget_type=\"heading.default\">\n\t\t\t\t\t<h2 class=\"elementor-heading-title elementor-size-default\">\u062a\u0646\u0638\u064a\u0641 \u0627\u0644\u0623\u0633\u0646\u0627\u0646<\/h2>\t\t\t\t<\/div>\n\t\t\t\t<div class=\"elementor-element elementor-element-82bd2df elementor-widget elementor-widget-text-editor\" data-id=\"82bd2df\" data-element_type=\"widget\" data-e-type=\"widget\" data-widget_type=\"text-editor.default\">\n\t\t\t\t\t\t\t\t\t<p>\u0625\u0632\u0627\u0644\u0629 \u0627\u0644\u062c\u064a\u0631 \u0639\u0646\u0635\u0631 \u0623\u0633\u0627\u0633\u064a \u0641\u064a \u0627\u0644\u062d\u0641\u0627\u0638 \u0639\u0644\u0649 \u0635\u062d\u0629 \u0627\u0644\u0641\u0645 \u0648\u0627\u0644\u0623\u0633\u0646\u0627\u0646. \u0641\u0627\u0644\u0625\u0632\u0627\u0644\u0629 \u0627\u0644\u0645\u0646\u062a\u0638\u0645\u0629 \u0644\u0644\u062c\u064a\u0631 \u062a\u0645\u0646\u0639 \u0623\u0645\u0631\u0627\u0636 \u0627\u0644\u0644\u062b\u0629\u060c \u0648\u062a\u0645\u0646\u0639 \u062a\u0633\u0648\u0633 \u0627\u0644\u0623\u0633\u0646\u0627\u0646\u060c \u0648\u062a\u0632\u064a\u0644 \u0631\u0627\u0626\u062d\u0629 \u0627\u0644\u0641\u0645 \u0627\u0644\u0643\u0631\u064a\u0647\u0629.<\/p>\t\t\t\t\t\t\t\t<\/div>\n\t\t\t\t<div class=\"elementor-element elementor-element-ed5929b elementor-position-inline-start elementor-view-default elementor-mobile-position-block-start elementor-widget elementor-widget-icon-box\" data-id=\"ed5929b\" data-element_type=\"widget\" data-e-type=\"widget\" data-widget_type=\"icon-box.default\">\n\t\t\t\t\t\t\t<div class=\"elementor-icon-box-wrapper\">\n\n\t\t\t\t\t\t<div class=\"elementor-icon-box-icon\">\n\t\t\t\t<span  class=\"elementor-icon\">\n\t\t\t\t<svg aria-hidden=\"true\" class=\"e-font-icon-svg e-fas-tooth\" viewbox=\"0 0 448 512\" xmlns=\"http:\/\/www.w3.org\/2000\/svg\"><path d=\"M443.98 96.25c-11.01-45.22-47.11-82.06-92.01-93.72-32.19-8.36-63 5.1-89.14 24.33-3.25 2.39-6.96 3.73-10.5 5.48l28.32 18.21c7.42 4.77 9.58 14.67 4.8 22.11-4.46 6.95-14.27 9.86-22.11 4.8L162.83 12.84c-20.7-10.85-43.38-16.4-66.81-10.31-44.9 11.67-81 48.5-92.01 93.72-10.13 41.62-.42 80.81 21.5 110.43 23.36 31.57 32.68 68.66 36.29 107.35 4.4 47.16 10.33 94.16 20.94 140.32l7.8 33.95c3.19 13.87 15.49 23.7 29.67 23.7 13.97 0 26.15-9.55 29.54-23.16l34.47-138.42c4.56-18.32 20.96-31.16 39.76-31.16s35.2 12.85 39.76 31.16l34.47 138.42c3.39 13.61 15.57 23.16 29.54 23.16 14.18 0 26.48-9.83 29.67-23.7l7.8-33.95c10.61-46.15 16.53-93.16 20.94-140.32 3.61-38.7 12.93-75.78 36.29-107.35 21.95-29.61 31.66-68.8 21.53-110.43z\"><\/path><\/svg>\t\t\t\t<\/span>\n\t\t\t<\/div>\n\t\t\t\n\t\t\t\t\t\t<div class=\"elementor-icon-box-content\">\n\n\t\t\t\t\t\t\t\t\t<h3 class=\"elementor-icon-box-title\">\n\t\t\t\t\t\t<span  >\n\t\t\t\t\t\t\t\u0627\u062c\u0631\u0627\u0621 \u0627\u0644\u062a\u0646\u0638\u064a\u0641 \u064a\u062c\u0628 \u0641\u0639\u0644\u0647 \u0639\u0627\u0644\u0627\u0642\u0644 \u0645\u0631\u0629 \u0643\u0644 6 \u0634\u0647\u0648\u0631\t\t\t\t\t\t<\/span>\n\t\t\t\t\t<\/h3>\n\t\t\t\t\n\t\t\t\t\n\t\t\t<\/div>\n\t\t\t\n\t\t<\/div>\n\t\t\t\t\t\t<\/div>\n\t\t\t\t<div class=\"elementor-element elementor-element-b099da5 elementor-position-inline-start elementor-view-default elementor-mobile-position-block-start elementor-widget elementor-widget-icon-box\" data-id=\"b099da5\" data-element_type=\"widget\" data-e-type=\"widget\" data-widget_type=\"icon-box.default\">\n\t\t\t\t\t\t\t<div class=\"elementor-icon-box-wrapper\">\n\n\t\t\t\t\t\t<div class=\"elementor-icon-box-icon\">\n\t\t\t\t<span  class=\"elementor-icon\">\n\t\t\t\t<svg aria-hidden=\"true\" class=\"e-font-icon-svg e-far-question-circle\" viewbox=\"0 0 512 512\" xmlns=\"http:\/\/www.w3.org\/2000\/svg\"><path d=\"M256 8C119.043 8 8 119.083 8 256c0 136.997 111.043 248 248 248s248-111.003 248-248C504 119.083 392.957 8 256 8zm0 448c-110.532 0-200-89.431-200-200 0-110.495 89.472-200 200-200 110.491 0 200 89.471 200 200 0 110.53-89.431 200-200 200zm107.244-255.2c0 67.052-72.421 68.084-72.421 92.863V300c0 6.627-5.373 12-12 12h-45.647c-6.627 0-12-5.373-12-12v-8.659c0-35.745 27.1-50.034 47.579-61.516 17.561-9.845 28.324-16.541 28.324-29.579 0-17.246-21.999-28.693-39.784-28.693-23.189 0-33.894 10.977-48.942 29.969-4.057 5.12-11.46 6.071-16.666 2.124l-27.824-21.098c-5.107-3.872-6.251-11.066-2.644-16.363C184.846 131.491 214.94 112 261.794 112c49.071 0 101.45 38.304 101.45 88.8zM298 368c0 23.159-18.841 42-42 42s-42-18.841-42-42 18.841-42 42-42 42 18.841 42 42z\"><\/path><\/svg>\t\t\t\t<\/span>\n\t\t\t<\/div>\n\t\t\t\n\t\t\t\t\t\t<div class=\"elementor-icon-box-content\">\n\n\t\t\t\t\t\t\t\t\t<h3 class=\"elementor-icon-box-title\">\n\t\t\t\t\t\t<span  >\n\t\t\t\t\t\t\t\u0645\u0627 \u0647\u064a \u0639\u0645\u0644\u064a\u0629 \u062a\u0646\u0638\u064a\u0641 \u0627\u0644\u0623\u0633\u0646\u0627\u0646\u061f\t\t\t\t\t\t<\/span>\n\t\t\t\t\t<\/h3>\n\t\t\t\t\n\t\t\t\t\t\t\t\t\t<p class=\"elementor-icon-box-description\">\n\t\t\t\t\t\t\u062a\u0646\u0638\u064a\u0641 \u0627\u0644\u0623\u0633\u0646\u0627\u0646 \u0647\u0648 \u0639\u0645\u0644\u064a\u0629 \u0625\u0632\u0627\u0644\u0629 \u0627\u0644\u0637\u0628\u0642\u0629 \u0627\u0644\u062f\u0642\u064a\u0642\u0629\u060c \u0623\u0648 \u0627\u0644\u0637\u0628\u0642\u0629 \u0627\u0644\u0628\u0643\u062a\u064a\u0631\u064a\u0629\u060c \u0623\u0648 \u0627\u0644\u0628\u0642\u0639 \u0627\u0644\u0646\u0627\u062a\u062c\u0629 \u0639\u0646 \u0627\u0644\u0637\u0639\u0627\u0645 \u0648\u0627\u0644\u0645\u0634\u0631\u0648\u0628\u0627\u062a \u0645\u0646 \u0633\u0637\u062d \u0627\u0644\u0623\u0633\u0646\u0627\u0646.\t\t\t\t\t<\/p>\n\t\t\t\t\n\t\t\t<\/div>\n\t\t\t\n\t\t<\/div>\n\t\t\t\t\t\t<\/div>\n\t\t\t\t<\/div>\n\t\t<div class=\"elementor-element elementor-element-fbecd72 e-con-full e-flex wpr-particle-no wpr-jarallax-no wpr-parallax-no wpr-sticky-section-no e-con e-child\" data-id=\"fbecd72\" data-element_type=\"container\" data-e-type=\"container\">\n\t\t\t\t<div class=\"elementor-element elementor-element-3dc5e78 elementor-widget elementor-widget-image\" data-id=\"3dc5e78\" data-element_type=\"widget\" data-e-type=\"widget\" data-widget_type=\"image.default\">\n\t\t\t\t\t\t\t\t\t\t\t\t\t\t\t<img fetchpriority=\"high\" decoding=\"async\" width=\"750\" height=\"352\" src=\"https:\/\/dtimad.com.tr\/wp-content\/uploads\/2025\/12\/dis-ici-tartar-ve-leke-temizleme.png\" class=\"attachment-large size-large wp-image-3865\" alt=\"\" srcset=\"https:\/\/dtimad.com.tr\/wp-content\/uploads\/2025\/12\/dis-ici-tartar-ve-leke-temizleme.png 1024w, https:\/\/dtimad.com.tr\/wp-content\/uploads\/2025\/12\/dis-ici-tartar-ve-leke-temizleme-300x141.png 300w, https:\/\/dtimad.com.tr\/wp-content\/uploads\/2025\/12\/dis-ici-tartar-ve-leke-temizleme-768x361.png 768w, https:\/\/dtimad.com.tr\/wp-content\/uploads\/2025\/12\/dis-ici-tartar-ve-leke-temizleme-18x8.png 18w\" sizes=\"(max-width: 750px) 100vw, 750px\" \/>\t\t\t\t\t\t\t\t\t\t\t\t\t\t\t<\/div>\n\t\t\t\t<\/div>\n\t\t\t\t<\/div>\n\t\t\t\t<\/div>\n\t\t\t\t\t<\/div>\n\t\t\t\t<\/div>\n\t\t<div class=\"elementor-element elementor-element-1bdda46 e-flex e-con-boxed wpr-particle-no wpr-jarallax-no wpr-parallax-no wpr-sticky-section-no e-con e-parent\" data-id=\"1bdda46\" data-element_type=\"container\" data-e-type=\"container\" data-settings=\"{&quot;background_background&quot;:&quot;classic&quot;}\">\n\t\t\t\t\t<div class=\"e-con-inner\">\n\t\t\t\t<div class=\"elementor-element elementor-element-695dd7f elementor-widget elementor-widget-heading\" data-id=\"695dd7f\" data-element_type=\"widget\" data-e-type=\"widget\" data-widget_type=\"heading.default\">\n\t\t\t\t\t<h2 class=\"elementor-heading-title elementor-size-default\">\u0645\u062a\u0649 \u0627\u062e\u0631 \u0645\u0631\u0629 \u0642\u0645\u062a \u0628\u0632\u064a\u0627\u0631\u0629 \u0637\u0628\u064a\u0628 \u0627\u0644\u0623\u0633\u0646\u0627\u0646 \u061f<\/h2>\t\t\t\t<\/div>\n\t\t\t\t<div class=\"elementor-element elementor-element-3c8f789 elementor-widget elementor-widget-text-editor\" data-id=\"3c8f789\" data-element_type=\"widget\" data-e-type=\"widget\" data-widget_type=\"text-editor.default\">\n\t\t\t\t\t\t\t\t\t<p>\u064a\u062c\u0628 \u0632\u064a\u0627\u0631\u0629 \u0637\u0628\u064a\u0628 \u0627\u0644\u0623\u0633\u0646\u0627\u0646 \u0645\u0631\u0629 \u0639\u0627\u0644\u0627\u0642\u0644 \u0641\u064a \u0627\u0644\u0633\u0646\u0629<\/p>\t\t\t\t\t\t\t\t<\/div>\n\t\t\t\t<div class=\"elementor-element elementor-element-50e91e0 elementor-align-center elementor-widget elementor-widget-button\" data-id=\"50e91e0\" data-element_type=\"widget\" data-e-type=\"widget\" data-widget_type=\"button.default\">\n\t\t\t\t\t\t\t\t\t\t<a class=\"elementor-button elementor-button-link elementor-size-sm\" href=\"https:\/\/dtimad.com.tr\/ar\/bize-ulas\/#randevu-al\">\n\t\t\t\t\t\t<span class=\"elementor-button-content-wrapper\">\n\t\t\t\t\t\t\t\t\t<span class=\"elementor-button-text\">\u0623\u062d\u062c\u0632 \u0645\u0648\u0639\u062f<\/span>\n\t\t\t\t\t<\/span>\n\t\t\t\t\t<\/a>\n\t\t\t\t\t\t\t\t<\/div>\n\t\t\t\t\t<\/div>\n\t\t\t\t<\/div>\n\t\t\t\t<\/div>","protected":false},"excerpt":{"rendered":"<p>Hizmetler Di\u015f Temizleme Nas\u0131l oluyor ? Di\u015f Temizleme Di\u015f\u00a0ta\u015f\u0131\u00a0temizli\u011fi, a\u011f\u0131z ve\u00a0di\u015f\u00a0sa\u011fl\u0131\u011f\u0131n\u0131 koruman\u0131n temel unsurlar\u0131ndan biridir. D\u00fczenli olarak yap\u0131lan\u00a0di\u015f\u00a0ta\u015f\u0131\u00a0temizli\u011fi,\u00a0di\u015f\u00a0eti hastal\u0131klar\u0131n\u0131 \u00f6nler,\u00a0di\u015f\u00a0\u00e7\u00fcr\u00fcklerinin olu\u015fumunu engeller ve k\u00f6t\u00fc a\u011f\u0131z kokusunu giderir. Her 6 ayda<\/p>","protected":false},"author":1,"featured_media":0,"parent":0,"menu_order":0,"comment_status":"closed","ping_status":"closed","template":"","meta":{"_eb_attr":"","breadcrumbs_single_post":"","page_title_panel":"","breadcrumbs_single_page":"","single_page_alignment":"","single_page_margin":"","page_structure_type":"","content_style_source":"","content_style":"","blog_post_streched_ed":"","blog_page_streched_ed":"","has_transparent_header":"","disable_transparent_header":"","vertical_spacing_source":"","content_area_spacing":"","single_post_content_background":"","single_page_content_background":"","single_post_boxed_content_spacing":"","single_page_boxed_content_spacing":"","single_post_content_boxed_radius":"","single_page_content_boxed_radius":"","disable_featured_image":"","disable_post_tags":"","disable_author_box":"","disable_posts_navigation":"","disable_comments":"","disable_related_posts":"","disable_header":"","disable_footer":"","footnotes":""},"class_list":["post-417","page","type-page","status-publish","hentry","rishi-post","no-post-thumbnail"],"_hostinger_reach_plugin_has_subscription_block":false,"_hostinger_reach_plugin_is_elementor":false,"_links":{"self":[{"href":"https:\/\/dtimad.com.tr\/ar\/wp-json\/wp\/v2\/pages\/417","targetHints":{"allow":["GET"]}}],"collection":[{"href":"https:\/\/dtimad.com.tr\/ar\/wp-json\/wp\/v2\/pages"}],"about":[{"href":"https:\/\/dtimad.com.tr\/ar\/wp-json\/wp\/v2\/types\/page"}],"author":[{"embeddable":true,"href":"https:\/\/dtimad.com.tr\/ar\/wp-json\/wp\/v2\/users\/1"}],"replies":[{"embeddable":true,"href":"https:\/\/dtimad.com.tr\/ar\/wp-json\/wp\/v2\/comments?post=417"}],"version-history":[{"count":44,"href":"https:\/\/dtimad.com.tr\/ar\/wp-json\/wp\/v2\/pages\/417\/revisions"}],"predecessor-version":[{"id":4444,"href":"https:\/\/dtimad.com.tr\/ar\/wp-json\/wp\/v2\/pages\/417\/revisions\/4444"}],"wp:attachment":[{"href":"https:\/\/dtimad.com.tr\/ar\/wp-json\/wp\/v2\/media?parent=417"}],"curies":[{"name":"wp","href":"https:\/\/api.w.org\/{rel}","templated":true}]}}