{"id":3849,"date":"2025-12-18T11:46:05","date_gmt":"2025-12-18T11:46:05","guid":{"rendered":"https:\/\/dtimad.com.tr\/?page_id=3849"},"modified":"2025-12-24T16:15:21","modified_gmt":"2025-12-24T16:15:21","slug":"dis-dolgu","status":"publish","type":"page","link":"https:\/\/dtimad.com.tr\/ar\/dis-dolgu\/","title":{"rendered":"\u062d\u0634\u0648\u0629 \u0623\u0633\u0646\u0627\u0646"},"content":{"rendered":"<div data-elementor-type=\"wp-page\" data-elementor-id=\"3849\" class=\"elementor elementor-3849\" data-elementor-post-type=\"page\">\n\t\t\t\t<div class=\"elementor-element elementor-element-6065a84 e-flex e-con-boxed wpr-particle-no wpr-jarallax-no wpr-parallax-no wpr-sticky-section-no e-con e-parent\" data-id=\"6065a84\" data-element_type=\"container\" data-e-type=\"container\" data-settings=\"{&quot;background_background&quot;:&quot;classic&quot;}\">\n\t\t\t\t\t<div class=\"e-con-inner\">\n\t\t\t\t<div class=\"elementor-element elementor-element-768648a elementor-widget elementor-widget-text-editor\" data-id=\"768648a\" data-element_type=\"widget\" data-e-type=\"widget\" data-widget_type=\"text-editor.default\">\n\t\t\t\t\t\t\t\t\t<p>\u0627\u0644\u062e\u062f\u0645\u0627\u062a<\/p>\t\t\t\t\t\t\t\t<\/div>\n\t\t\t\t<div class=\"elementor-element elementor-element-f8feaea elementor-widget elementor-widget-heading\" data-id=\"f8feaea\" data-element_type=\"widget\" data-e-type=\"widget\" data-widget_type=\"heading.default\">\n\t\t\t\t\t<h1 class=\"elementor-heading-title elementor-size-default\">\u062d\u0634\u0648\u0629 \u0623\u0633\u0646\u0627\u0646<\/h1>\t\t\t\t<\/div>\n\t\t\t\t\t<\/div>\n\t\t\t\t<\/div>\n\t\t<div class=\"elementor-element elementor-element-54b4242 e-flex e-con-boxed wpr-particle-no wpr-jarallax-no wpr-parallax-no wpr-sticky-section-no e-con e-parent\" data-id=\"54b4242\" data-element_type=\"container\" data-e-type=\"container\">\n\t\t\t\t\t<div class=\"e-con-inner\">\n\t\t<div class=\"elementor-element elementor-element-4d41862 e-con-full e-flex wpr-particle-no wpr-jarallax-no wpr-parallax-no wpr-sticky-section-no e-con e-child\" data-id=\"4d41862\" data-element_type=\"container\" data-e-type=\"container\">\n\t\t\t\t<div class=\"elementor-element elementor-element-8e5b6f2 elementor-widget elementor-widget-heading\" data-id=\"8e5b6f2\" data-element_type=\"widget\" data-e-type=\"widget\" data-widget_type=\"heading.default\">\n\t\t\t\t\t<span class=\"elementor-heading-title elementor-size-default\">\u0643\u064a\u0641\u064a\u0629 \u0627\u0644\u0639\u0645\u0644 \u061f<\/span>\t\t\t\t<\/div>\n\t\t\t\t<div class=\"elementor-element elementor-element-d343b62 elementor-widget elementor-widget-heading\" data-id=\"d343b62\" data-element_type=\"widget\" data-e-type=\"widget\" data-widget_type=\"heading.default\">\n\t\t\t\t\t<h2 class=\"elementor-heading-title elementor-size-default\">\u062d\u0634\u0648\u0629 \u0623\u0633\u0646\u0627\u0646<\/h2>\t\t\t\t<\/div>\n\t\t\t\t<div class=\"elementor-element elementor-element-a96ad3e elementor-widget elementor-widget-text-editor\" data-id=\"a96ad3e\" data-element_type=\"widget\" data-e-type=\"widget\" data-widget_type=\"text-editor.default\">\n\t\t\t\t\t\t\t\t\t<p>\u062a\u0631\u0645\u064a\u0645 \u0627\u0644\u0623\u0633\u0646\u0627\u0646 \u0647\u0648 \u0639\u0645\u0644\u064a\u0629 \u062a\u0631\u0645\u064a\u0645 \u0627\u0644\u0623\u0633\u0646\u0627\u0646 \u0627\u0644\u0645\u062a\u0633\u0648\u0633\u0629 \u0623\u0648 \u0627\u0644\u0645\u0643\u0633\u0648\u0631\u0629 \u0623\u0648 \u0627\u0644\u0645\u062a\u0634\u0642\u0642\u0629 \u0628\u0627\u0633\u062a\u062e\u062f\u0627\u0645 \u0645\u0648\u0627\u062f \u0645\u062e\u062a\u0644\u0641\u0629.<\/p>\t\t\t\t\t\t\t\t<\/div>\n\t\t\t\t<div class=\"elementor-element elementor-element-82c265f elementor-position-inline-start elementor-view-default elementor-mobile-position-block-start elementor-widget elementor-widget-icon-box\" data-id=\"82c265f\" data-element_type=\"widget\" data-e-type=\"widget\" data-widget_type=\"icon-box.default\">\n\t\t\t\t\t\t\t<div class=\"elementor-icon-box-wrapper\">\n\n\t\t\t\t\t\t<div class=\"elementor-icon-box-icon\">\n\t\t\t\t<span  class=\"elementor-icon\">\n\t\t\t\t<svg aria-hidden=\"true\" class=\"e-font-icon-svg e-fas-teeth-open\" viewbox=\"0 0 640 512\" xmlns=\"http:\/\/www.w3.org\/2000\/svg\"><path d=\"M544 0H96C42.98 0 0 42.98 0 96v64c0 35.35 28.66 64 64 64h512c35.34 0 64-28.65 64-64V96c0-53.02-42.98-96-96-96zM160 176c0 8.84-7.16 16-16 16H80c-8.84 0-16-7.16-16-16v-32c0-26.51 21.49-48 48-48s48 21.49 48 48v32zm144 0c0 8.84-7.16 16-16 16h-80c-8.84 0-16-7.16-16-16v-56c0-30.93 25.07-56 56-56s56 25.07 56 56v56zm144 0c0 8.84-7.16 16-16 16h-80c-8.84 0-16-7.16-16-16v-56c0-30.93 25.07-56 56-56s56 25.07 56 56v56zm128 0c0 8.84-7.16 16-16 16h-64c-8.84 0-16-7.16-16-16v-32c0-26.51 21.49-48 48-48s48 21.49 48 48v32zm0 144H64c-35.34 0-64 28.65-64 64v32c0 53.02 42.98 96 96 96h448c53.02 0 96-42.98 96-96v-32c0-35.35-28.66-64-64-64zm-416 80c0 26.51-21.49 48-48 48s-48-21.49-48-48v-32c0-8.84 7.16-16 16-16h64c8.84 0 16 7.16 16 16v32zm144-8c0 30.93-25.07 56-56 56s-56-25.07-56-56v-24c0-8.84 7.16-16 16-16h80c8.84 0 16 7.16 16 16v24zm144 0c0 30.93-25.07 56-56 56s-56-25.07-56-56v-24c0-8.84 7.16-16 16-16h80c8.84 0 16 7.16 16 16v24zm128 8c0 26.51-21.49 48-48 48s-48-21.49-48-48v-32c0-8.84 7.16-16 16-16h64c8.84 0 16 7.16 16 16v32z\"><\/path><\/svg>\t\t\t\t<\/span>\n\t\t\t<\/div>\n\t\t\t\n\t\t\t\t\t\t<div class=\"elementor-icon-box-content\">\n\n\t\t\t\t\t\t\t\t\t<h3 class=\"elementor-icon-box-title\">\n\t\t\t\t\t\t<span  >\n\t\t\t\t\t\t\t\u0627\u0644\u062e\u0637\u0648\u0627\u062a\t\t\t\t\t\t<\/span>\n\t\t\t\t\t<\/h3>\n\t\t\t\t\n\t\t\t\t\t\t\t\t\t<p class=\"elementor-icon-box-description\">\n\t\t\t\t\t\t\u0627\u0644\u062e\u0637\u0648\u0629 \u0627\u0644\u0623\u0648\u0644\u0649 \u0647\u064a \u062a\u062d\u0636\u064a\u0631 \u0646\u0633\u064a\u062c \u0627\u0644\u0633\u0646 \u0627\u0644\u0645\u062a\u0628\u0642\u064a \u0644\u0644\u062d\u0634\u0648. \u064a\u0634\u0645\u0644 \u0630\u0644\u0643 \u062a\u0646\u0638\u064a\u0641 \u0623\u064a \u062a\u0633\u0648\u0633 \u0623\u0648 \u0625\u0632\u0627\u0644\u0629 \u0623\u064a \u062d\u0634\u0648\u0627\u062a \u0642\u062f\u064a\u0645\u0629. \u0628\u0639\u062f \u0630\u0644\u0643\u060c \u064a\u062a\u0645 \u062d\u0634\u0648 \u0627\u0644\u062a\u062c\u0648\u064a\u0641 \u0628\u0627\u0633\u062a\u062e\u062f\u0627\u0645 \u0645\u0648\u0627\u062f \u0645\u0646\u0627\u0633\u0628\u0629 \u064a\u062a\u0645 \u0627\u062e\u062a\u064a\u0627\u0631\u0647\u0627 \u0628\u0646\u0627\u0621\u064b \u0639\u0644\u0649 \u0645\u0648\u0642\u0639 \u0627\u0644\u0633\u0646 \u0648\u0648\u0638\u064a\u0641\u062a\u0647 \u0648\u0645\u062a\u0637\u0644\u0628\u0627\u062a\u0647 \u0627\u0644\u062c\u0645\u0627\u0644\u064a\u0629 \u0648\u062d\u062c\u0645 \u0627\u0644\u062d\u0634\u0648\u0629 \u0627\u0644\u0645\u0637\u0644\u0648\u0628. \u064a\u0645\u0643\u0646 \u0627\u0633\u062a\u062e\u062f\u0627\u0645 \u0627\u0644\u062a\u062e\u062f\u064a\u0631 \u0627\u0644\u0645\u0648\u0636\u0639\u064a \u0623\u062b\u0646\u0627\u0621 \u0647\u0630\u0647 \u0627\u0644\u0625\u062c\u0631\u0627\u0621\u0627\u062a \u0644\u062a\u0642\u0644\u064a\u0644 \u0627\u0644\u0623\u0644\u0645 \u0644\u0644\u0645\u0631\u064a\u0636. \u0623\u062e\u064a\u0631\u064b\u0627\u060c \u064a\u062a\u0645 \u0641\u062d\u0635 \u0645\u062f\u0649 \u0645\u0644\u0627\u0621\u0645\u0629 \u0627\u0644\u062d\u0634\u0648\u0629 \u0645\u0639 \u0627\u0644\u0623\u0633\u0646\u0627\u0646 \u0627\u0644\u0623\u062e\u0631\u0649\u060c \u0648\u0625\u0632\u0627\u0644\u0629 \u0623\u064a \u0645\u0627\u062f\u0629 \u0632\u0627\u0626\u062f\u0629 \u062a\u0633\u0628\u0628 \u0639\u062f\u0645 \u0627\u0644\u0631\u0627\u062d\u0629.\t\t\t\t\t<\/p>\n\t\t\t\t\n\t\t\t<\/div>\n\t\t\t\n\t\t<\/div>\n\t\t\t\t\t\t<\/div>\n\t\t\t\t<div class=\"elementor-element elementor-element-a43b77b elementor-position-inline-start elementor-view-default elementor-mobile-position-block-start elementor-widget elementor-widget-icon-box\" data-id=\"a43b77b\" data-element_type=\"widget\" data-e-type=\"widget\" data-widget_type=\"icon-box.default\">\n\t\t\t\t\t\t\t<div class=\"elementor-icon-box-wrapper\">\n\n\t\t\t\t\t\t<div class=\"elementor-icon-box-icon\">\n\t\t\t\t<span  class=\"elementor-icon\">\n\t\t\t\t<svg aria-hidden=\"true\" class=\"e-font-icon-svg e-far-question-circle\" viewbox=\"0 0 512 512\" xmlns=\"http:\/\/www.w3.org\/2000\/svg\"><path d=\"M256 8C119.043 8 8 119.083 8 256c0 136.997 111.043 248 248 248s248-111.003 248-248C504 119.083 392.957 8 256 8zm0 448c-110.532 0-200-89.431-200-200 0-110.495 89.472-200 200-200 110.491 0 200 89.471 200 200 0 110.53-89.431 200-200 200zm107.244-255.2c0 67.052-72.421 68.084-72.421 92.863V300c0 6.627-5.373 12-12 12h-45.647c-6.627 0-12-5.373-12-12v-8.659c0-35.745 27.1-50.034 47.579-61.516 17.561-9.845 28.324-16.541 28.324-29.579 0-17.246-21.999-28.693-39.784-28.693-23.189 0-33.894 10.977-48.942 29.969-4.057 5.12-11.46 6.071-16.666 2.124l-27.824-21.098c-5.107-3.872-6.251-11.066-2.644-16.363C184.846 131.491 214.94 112 261.794 112c49.071 0 101.45 38.304 101.45 88.8zM298 368c0 23.159-18.841 42-42 42s-42-18.841-42-42 18.841-42 42-42 42 18.841 42 42z\"><\/path><\/svg>\t\t\t\t<\/span>\n\t\t\t<\/div>\n\t\t\t\n\t\t\t\t\t\t<div class=\"elementor-icon-box-content\">\n\n\t\t\t\t\t\t\t\t\t<h3 class=\"elementor-icon-box-title\">\n\t\t\t\t\t\t<span  >\n\t\t\t\t\t\t\t\u0644\u0645\u0646 \u064a\u0646\u0635\u062d \u062d\u0634\u0648\u0627\u062a \u0627\u0644\u0623\u0633\u0646\u0627\u0646\u061f\t\t\t\t\t\t<\/span>\n\t\t\t\t\t<\/h3>\n\t\t\t\t\n\t\t\t\t\t\t\t\t\t<p class=\"elementor-icon-box-description\">\n\t\t\t\t\t\t\u062a\u064f\u0633\u062a\u062e\u062f\u0645 \u062d\u0634\u0648\u0627\u062a \u0627\u0644\u0623\u0633\u0646\u0627\u0646 \u0644\u0639\u0644\u0627\u062c \u0627\u0644\u0623\u0633\u0646\u0627\u0646 \u0627\u0644\u0645\u062a\u0633\u0648\u0633\u0629 \u0623\u0648 \u0627\u0644\u0645\u0643\u0633\u0648\u0631\u0629 \u0623\u0648 \u0627\u0644\u0645\u062a\u0636\u0631\u0631\u0629 \u0644\u0623\u064a \u0633\u0628\u0628 \u0643\u0627\u0646. \u0628\u0639\u062f \u0627\u0644\u0639\u0644\u0627\u062c\u060c \u062a\u0633\u062a\u0639\u064a\u062f \u0627\u0644\u0623\u0633\u0646\u0627\u0646 \u0627\u0644\u0645\u0634\u0648\u0647\u0629 \u0645\u0638\u0647\u0631\u0647\u0627 \u0648\u0648\u0638\u064a\u0641\u062a\u0647\u0627 \u0627\u0644\u0633\u0627\u0628\u0642\u064a\u0646.\t\t\t\t\t<\/p>\n\t\t\t\t\n\t\t\t<\/div>\n\t\t\t\n\t\t<\/div>\n\t\t\t\t\t\t<\/div>\n\t\t\t\t<\/div>\n\t\t<div class=\"elementor-element elementor-element-b04d06a e-con-full e-flex wpr-particle-no wpr-jarallax-no wpr-parallax-no wpr-sticky-section-no e-con e-child\" data-id=\"b04d06a\" data-element_type=\"container\" data-e-type=\"container\">\n\t\t\t\t<div class=\"elementor-element elementor-element-0f19499 elementor-widget elementor-widget-image\" data-id=\"0f19499\" data-element_type=\"widget\" data-e-type=\"widget\" data-widget_type=\"image.default\">\n\t\t\t\t\t\t\t\t\t\t\t\t\t\t\t<img fetchpriority=\"high\" decoding=\"async\" width=\"750\" height=\"540\" src=\"https:\/\/dtimad.com.tr\/wp-content\/uploads\/2025\/12\/Collage-maker-project-e1765717004850.png\" class=\"attachment-large size-large wp-image-3633\" alt=\"\" srcset=\"https:\/\/dtimad.com.tr\/wp-content\/uploads\/2025\/12\/Collage-maker-project-e1765717004850.png 1000w, https:\/\/dtimad.com.tr\/wp-content\/uploads\/2025\/12\/Collage-maker-project-e1765717004850-300x216.png 300w, https:\/\/dtimad.com.tr\/wp-content\/uploads\/2025\/12\/Collage-maker-project-e1765717004850-768x553.png 768w, https:\/\/dtimad.com.tr\/wp-content\/uploads\/2025\/12\/Collage-maker-project-e1765717004850-18x12.png 18w\" sizes=\"(max-width: 750px) 100vw, 750px\" \/>\t\t\t\t\t\t\t\t\t\t\t\t\t\t\t<\/div>\n\t\t\t\t<\/div>\n\t\t\t\t\t<\/div>\n\t\t\t\t<\/div>\n\t\t<div class=\"elementor-element elementor-element-1bdda46 e-flex e-con-boxed wpr-particle-no wpr-jarallax-no wpr-parallax-no wpr-sticky-section-no e-con e-parent\" data-id=\"1bdda46\" data-element_type=\"container\" data-e-type=\"container\" data-settings=\"{&quot;background_background&quot;:&quot;classic&quot;}\">\n\t\t\t\t\t<div class=\"e-con-inner\">\n\t\t\t\t<div class=\"elementor-element elementor-element-695dd7f elementor-widget elementor-widget-heading\" data-id=\"695dd7f\" data-element_type=\"widget\" data-e-type=\"widget\" data-widget_type=\"heading.default\">\n\t\t\t\t\t<h2 class=\"elementor-heading-title elementor-size-default\">\u062f\u0639\u0646\u0627 \u0646\u0639\u0627\u0644\u062c \u0623\u0633\u0646\u0627\u0646\u0643<\/h2>\t\t\t\t<\/div>\n\t\t\t\t<div class=\"elementor-element elementor-element-50e91e0 elementor-align-center elementor-widget elementor-widget-button\" data-id=\"50e91e0\" data-element_type=\"widget\" data-e-type=\"widget\" data-widget_type=\"button.default\">\n\t\t\t\t\t\t\t\t\t\t<a class=\"elementor-button elementor-button-link elementor-size-sm\" href=\"https:\/\/dtimad.com.tr\/ar\/bize-ulas\/#randevu-al\">\n\t\t\t\t\t\t<span class=\"elementor-button-content-wrapper\">\n\t\t\t\t\t\t\t\t\t<span class=\"elementor-button-text\">\u0623\u062d\u062c\u0632 \u0645\u0648\u0639\u062f<\/span>\n\t\t\t\t\t<\/span>\n\t\t\t\t\t<\/a>\n\t\t\t\t\t\t\t\t<\/div>\n\t\t\t\t\t<\/div>\n\t\t\t\t<\/div>\n\t\t\t\t<\/div>","protected":false},"excerpt":{"rendered":"<p>Hizmetler Di\u015f Dolgusu Nas\u0131l oluyor ? Di\u015f Dolgusu : \u00c7\u00fcr\u00fcm\u00fc\u015f, k\u0131r\u0131lm\u0131\u015f ya da \u00e7atlam\u0131\u015f olan di\u015flerin \u00e7e\u015fitli materyallerle restore edilmesidir. S\u00fcrecimiz \u0130lk a\u015fama olarak kalan di\u015f dokusu, dolgu i\u00e7in haz\u0131r<\/p>","protected":false},"author":1,"featured_media":0,"parent":0,"menu_order":0,"comment_status":"closed","ping_status":"closed","template":"","meta":{"_eb_attr":"","breadcrumbs_single_post":"","page_title_panel":"","breadcrumbs_single_page":"","single_page_alignment":"","single_page_margin":"","page_structure_type":"","content_style_source":"","content_style":"","blog_post_streched_ed":"","blog_page_streched_ed":"","has_transparent_header":"","disable_transparent_header":"","vertical_spacing_source":"","content_area_spacing":"","single_post_content_background":"","single_page_content_background":"","single_post_boxed_content_spacing":"","single_page_boxed_content_spacing":"","single_post_content_boxed_radius":"","single_page_content_boxed_radius":"","disable_featured_image":"","disable_post_tags":"","disable_author_box":"","disable_posts_navigation":"","disable_comments":"","disable_related_posts":"","disable_header":"","disable_footer":"","footnotes":""},"class_list":["post-3849","page","type-page","status-publish","hentry","rishi-post","no-post-thumbnail"],"_hostinger_reach_plugin_has_subscription_block":false,"_hostinger_reach_plugin_is_elementor":false,"_links":{"self":[{"href":"https:\/\/dtimad.com.tr\/ar\/wp-json\/wp\/v2\/pages\/3849","targetHints":{"allow":["GET"]}}],"collection":[{"href":"https:\/\/dtimad.com.tr\/ar\/wp-json\/wp\/v2\/pages"}],"about":[{"href":"https:\/\/dtimad.com.tr\/ar\/wp-json\/wp\/v2\/types\/page"}],"author":[{"embeddable":true,"href":"https:\/\/dtimad.com.tr\/ar\/wp-json\/wp\/v2\/users\/1"}],"replies":[{"embeddable":true,"href":"https:\/\/dtimad.com.tr\/ar\/wp-json\/wp\/v2\/comments?post=3849"}],"version-history":[{"count":23,"href":"https:\/\/dtimad.com.tr\/ar\/wp-json\/wp\/v2\/pages\/3849\/revisions"}],"predecessor-version":[{"id":4439,"href":"https:\/\/dtimad.com.tr\/ar\/wp-json\/wp\/v2\/pages\/3849\/revisions\/4439"}],"wp:attachment":[{"href":"https:\/\/dtimad.com.tr\/ar\/wp-json\/wp\/v2\/media?parent=3849"}],"curies":[{"name":"wp","href":"https:\/\/api.w.org\/{rel}","templated":true}]}}