{"id":3793,"date":"2025-12-18T06:28:15","date_gmt":"2025-12-18T06:28:15","guid":{"rendered":"https:\/\/dtimad.com.tr\/?page_id=3793"},"modified":"2025-12-24T15:45:42","modified_gmt":"2025-12-24T15:45:42","slug":"dis-implant","status":"publish","type":"page","link":"https:\/\/dtimad.com.tr\/ar\/dis-implant\/","title":{"rendered":"\u0632\u0631\u0627\u0639\u0629 \u0623\u0633\u0646\u0627\u0646"},"content":{"rendered":"<div data-elementor-type=\"wp-page\" data-elementor-id=\"3793\" class=\"elementor elementor-3793\" data-elementor-post-type=\"page\">\n\t\t\t\t<div class=\"elementor-element elementor-element-6065a84 e-flex e-con-boxed wpr-particle-no wpr-jarallax-no wpr-parallax-no wpr-sticky-section-no e-con e-parent\" data-id=\"6065a84\" data-element_type=\"container\" data-e-type=\"container\" data-settings=\"{&quot;background_background&quot;:&quot;classic&quot;}\">\n\t\t\t\t\t<div class=\"e-con-inner\">\n\t\t\t\t<div class=\"elementor-element elementor-element-768648a elementor-widget elementor-widget-text-editor\" data-id=\"768648a\" data-element_type=\"widget\" data-e-type=\"widget\" data-widget_type=\"text-editor.default\">\n\t\t\t\t\t\t\t\t\t<p>\u0627\u0644\u062e\u062f\u0645\u0627\u062a<\/p>\t\t\t\t\t\t\t\t<\/div>\n\t\t\t\t<div class=\"elementor-element elementor-element-f8feaea elementor-widget elementor-widget-heading\" data-id=\"f8feaea\" data-element_type=\"widget\" data-e-type=\"widget\" data-widget_type=\"heading.default\">\n\t\t\t\t\t<h1 class=\"elementor-heading-title elementor-size-default\">\u0632\u0631\u0627\u0639\u0629 \u0623\u0633\u0646\u0627\u0646<\/h1>\t\t\t\t<\/div>\n\t\t\t\t<div class=\"elementor-element elementor-element-002dcb3 elementor-widget elementor-widget-text-editor\" data-id=\"002dcb3\" data-element_type=\"widget\" data-e-type=\"widget\" data-widget_type=\"text-editor.default\">\n\t\t\t\t\t\t\t\t\t<p>\u0646\u0642\u0648\u0645 \u0628\u0623\u062c\u0648\u062f \u0627\u0644\u0632\u0631\u0627\u0639\u0627\u062a \u0628\u062f\u0648\u0646 \u0627\u0644\u0645 \u0641\u064a \u0639\u064a\u0627\u062f\u062a\u0646\u0627 \u0641\u064a \u063a\u0627\u0632\u064a \u0639\u0646\u062a\u0627\u0628<\/p>\t\t\t\t\t\t\t\t<\/div>\n\t\t\t\t\t<\/div>\n\t\t\t\t<\/div>\n\t\t<div class=\"elementor-element elementor-element-54b4242 e-flex e-con-boxed wpr-particle-no wpr-jarallax-no wpr-parallax-no wpr-sticky-section-no e-con e-parent\" data-id=\"54b4242\" data-element_type=\"container\" data-e-type=\"container\">\n\t\t\t\t\t<div class=\"e-con-inner\">\n\t\t<div class=\"elementor-element elementor-element-4d41862 e-con-full e-flex wpr-particle-no wpr-jarallax-no wpr-parallax-no wpr-sticky-section-no e-con e-child\" data-id=\"4d41862\" data-element_type=\"container\" data-e-type=\"container\">\n\t\t\t\t<div class=\"elementor-element elementor-element-8e5b6f2 elementor-widget elementor-widget-heading\" data-id=\"8e5b6f2\" data-element_type=\"widget\" data-e-type=\"widget\" data-widget_type=\"heading.default\">\n\t\t\t\t\t<span class=\"elementor-heading-title elementor-size-default\">\u0643\u064a\u0641\u064a\u0629 \u0627\u0644\u0639\u0645\u0644 \u061f<\/span>\t\t\t\t<\/div>\n\t\t\t\t<div class=\"elementor-element elementor-element-d343b62 elementor-widget elementor-widget-heading\" data-id=\"d343b62\" data-element_type=\"widget\" data-e-type=\"widget\" data-widget_type=\"heading.default\">\n\t\t\t\t\t<h2 class=\"elementor-heading-title elementor-size-default\">\u0632\u0631\u0627\u0639\u0629 \u0627\u0644\u0627\u0633\u0646\u0627\u0646<\/h2>\t\t\t\t<\/div>\n\t\t\t\t<div class=\"elementor-element elementor-element-a96ad3e elementor-widget elementor-widget-text-editor\" data-id=\"a96ad3e\" data-element_type=\"widget\" data-e-type=\"widget\" data-widget_type=\"text-editor.default\">\n\t\t\t\t\t\t\t\t\t<p>\u0632\u0631\u0627\u0639\u0629 \u0627\u0644\u0623\u0633\u0646\u0627\u0646 \u0647\u064a \u0639\u0628\u0627\u0631\u0629 \u0639\u0646 \u062c\u0630\u0631 \u0633\u0646 \u0627\u0635\u0637\u0646\u0627\u0639\u064a\u060c \u0645\u0635\u0646\u0648\u0639 \u0639\u0627\u062f\u0629\u064b \u0645\u0646 \u0627\u0644\u062a\u064a\u062a\u0627\u0646\u064a\u0648\u0645\u060c \u064a\u064f\u0632\u0631\u0639 \u0641\u064a \u0639\u0638\u0645 \u0627\u0644\u0641\u0643 \u0644\u062a\u0639\u0648\u064a\u0636 \u0627\u0644\u0623\u0633\u0646\u0627\u0646 \u0627\u0644\u0645\u0641\u0642\u0648\u062f\u0629\u060c \u0648\u064a\u062a\u064a\u062d \u062a\u0631\u0643\u064a\u0628 \u0627\u0644\u0623\u0633\u0646\u0627\u0646 \u0627\u0644\u0627\u0635\u0637\u0646\u0627\u0639\u064a\u0629. \u062a\u0648\u0641\u0631 \u0632\u0631\u0627\u0639\u0629 \u0627\u0644\u0623\u0633\u0646\u0627\u0646 \u0625\u062d\u0633\u0627\u0633\u064b\u0627 \u0648\u0645\u0638\u0647\u0631\u064b\u0627 \u0623\u0642\u0631\u0628 \u0645\u0627 \u064a\u0643\u0648\u0646 \u0625\u0644\u0649 \u0627\u0644\u0623\u0633\u0646\u0627\u0646 \u0627\u0644\u0637\u0628\u064a\u0639\u064a\u0629. \u0625\u0636\u0627\u0641\u0629\u064b \u0625\u0644\u0649 \u0643\u0648\u0646\u0647\u0627 \u062e\u064a\u0627\u0631\u064b\u0627 \u0639\u0644\u0627\u062c\u064a\u064b\u0627 \u0637\u0648\u064a\u0644 \u0627\u0644\u0623\u0645\u062f \u0648\u0645\u062a\u064a\u0646\u064b\u0627\u060c \u064a\u0645\u0643\u0646 \u0627\u0633\u062a\u062e\u062f\u0627\u0645\u0647\u0627 \u0644\u062a\u0639\u0648\u064a\u0636 \u0627\u0644\u0623\u0633\u0646\u0627\u0646 \u0627\u0644\u0645\u0641\u0642\u0648\u062f\u0629 \u0644\u0623\u0633\u0628\u0627\u0628 \u062a\u062c\u0645\u064a\u0644\u064a\u0629 \u0648\u0648\u0638\u064a\u0641\u064a\u0629 \u0639\u0644\u0649 \u062d\u062f \u0633\u0648\u0627\u0621.<\/p>\t\t\t\t\t\t\t\t<\/div>\n\t\t\t\t<div class=\"elementor-element elementor-element-82c265f elementor-position-inline-end elementor-view-default elementor-mobile-position-block-start elementor-widget elementor-widget-icon-box\" data-id=\"82c265f\" data-element_type=\"widget\" data-e-type=\"widget\" data-widget_type=\"icon-box.default\">\n\t\t\t\t\t\t\t<div class=\"elementor-icon-box-wrapper\">\n\n\t\t\t\t\t\t<div class=\"elementor-icon-box-icon\">\n\t\t\t\t<span  class=\"elementor-icon\">\n\t\t\t\t<svg aria-hidden=\"true\" class=\"e-font-icon-svg e-far-check-circle\" viewbox=\"0 0 512 512\" xmlns=\"http:\/\/www.w3.org\/2000\/svg\"><path d=\"M256 8C119.033 8 8 119.033 8 256s111.033 248 248 248 248-111.033 248-248S392.967 8 256 8zm0 48c110.532 0 200 89.451 200 200 0 110.532-89.451 200-200 200-110.532 0-200-89.451-200-200 0-110.532 89.451-200 200-200m140.204 130.267l-22.536-22.718c-4.667-4.705-12.265-4.736-16.97-.068L215.346 303.697l-59.792-60.277c-4.667-4.705-12.265-4.736-16.97-.069l-22.719 22.536c-4.705 4.667-4.736 12.265-.068 16.971l90.781 91.516c4.667 4.705 12.265 4.736 16.97.068l172.589-171.204c4.704-4.668 4.734-12.266.067-16.971z\"><\/path><\/svg>\t\t\t\t<\/span>\n\t\t\t<\/div>\n\t\t\t\n\t\t\t\t\t\t<div class=\"elementor-icon-box-content\">\n\n\t\t\t\t\t\t\t\t\t<h3 class=\"elementor-icon-box-title\">\n\t\t\t\t\t\t<span  >\n\t\t\t\t\t\t\t\u0632\u0631\u0627\u0639\u0629 \u0628\u062f\u0648\u0646 \u0627\u0644\u0645\t\t\t\t\t\t<\/span>\n\t\t\t\t\t<\/h3>\n\t\t\t\t\n\t\t\t\t\t\t\t\t\t<p class=\"elementor-icon-box-description\">\n\t\t\t\t\t\t\u0644\u0645 \u062a\u0639\u062f \u0632\u0631\u0627\u0639\u0629 \u0627\u0644\u0623\u0633\u0646\u0627\u0646 \u0635\u0639\u0628\u0629 \u0648\u0645\u0624\u0644\u0645\u0629 \u0643\u0645\u0627 \u0642\u062f \u062a\u0638\u0646! \u0641\u064a \u0639\u064a\u0627\u062f\u062a\u0646\u0627\u060c \u064a\u0645\u0643\u0646\u0643 \u0627\u0644\u062d\u0635\u0648\u0644 \u0639\u0644\u0649 \u0623\u0633\u0646\u0627\u0646 \u062c\u062f\u064a\u062f\u0629 \u0641\u064a \u0646\u0641\u0633 \u0627\u0644\u064a\u0648\u0645 \u0628\u0627\u0633\u062a\u062e\u062f\u0627\u0645 \u062a\u0642\u0646\u064a\u0629 \u0632\u0631\u0627\u0639\u0629 \u0627\u0644\u0623\u0633\u0646\u0627\u0646 \u0628\u062f\u0648\u0646 \u062e\u064a\u0627\u0637\u0629 \u0623\u0648 \u062c\u0631\u0627\u062d\u0629.\t\t\t\t\t<\/p>\n\t\t\t\t\n\t\t\t<\/div>\n\t\t\t\n\t\t<\/div>\n\t\t\t\t\t\t<\/div>\n\t\t\t\t<div class=\"elementor-element elementor-element-0dd0779 elementor-position-inline-end elementor-view-default elementor-mobile-position-block-start elementor-widget elementor-widget-icon-box\" data-id=\"0dd0779\" data-element_type=\"widget\" data-e-type=\"widget\" data-widget_type=\"icon-box.default\">\n\t\t\t\t\t\t\t<div class=\"elementor-icon-box-wrapper\">\n\n\t\t\t\t\t\t<div class=\"elementor-icon-box-icon\">\n\t\t\t\t<span  class=\"elementor-icon\">\n\t\t\t\t<svg aria-hidden=\"true\" class=\"e-font-icon-svg e-far-question-circle\" viewbox=\"0 0 512 512\" xmlns=\"http:\/\/www.w3.org\/2000\/svg\"><path d=\"M256 8C119.043 8 8 119.083 8 256c0 136.997 111.043 248 248 248s248-111.003 248-248C504 119.083 392.957 8 256 8zm0 448c-110.532 0-200-89.431-200-200 0-110.495 89.472-200 200-200 110.491 0 200 89.471 200 200 0 110.53-89.431 200-200 200zm107.244-255.2c0 67.052-72.421 68.084-72.421 92.863V300c0 6.627-5.373 12-12 12h-45.647c-6.627 0-12-5.373-12-12v-8.659c0-35.745 27.1-50.034 47.579-61.516 17.561-9.845 28.324-16.541 28.324-29.579 0-17.246-21.999-28.693-39.784-28.693-23.189 0-33.894 10.977-48.942 29.969-4.057 5.12-11.46 6.071-16.666 2.124l-27.824-21.098c-5.107-3.872-6.251-11.066-2.644-16.363C184.846 131.491 214.94 112 261.794 112c49.071 0 101.45 38.304 101.45 88.8zM298 368c0 23.159-18.841 42-42 42s-42-18.841-42-42 18.841-42 42-42 42 18.841 42 42z\"><\/path><\/svg>\t\t\t\t<\/span>\n\t\t\t<\/div>\n\t\t\t\n\t\t\t\t\t\t<div class=\"elementor-icon-box-content\">\n\n\t\t\t\t\t\t\t\t\t<h3 class=\"elementor-icon-box-title\">\n\t\t\t\t\t\t<span  >\n\t\t\t\t\t\t\t\u0647\u0644 \u064a\u0645\u0643\u0646 \u0632\u0631\u0627\u0639\u0629 \u0627\u0644\u0623\u0633\u0646\u0627\u0646 \u0641\u064a \u0623\u064a \u0639\u0645\u0631\u061f\t\t\t\t\t\t<\/span>\n\t\t\t\t\t<\/h3>\n\t\t\t\t\n\t\t\t\t\t\t\t\t\t<p class=\"elementor-icon-box-description\">\n\t\t\t\t\t\t\u064a\u0645\u0643\u0646 \u0632\u0631\u0627\u0639\u0629 \u0627\u0644\u0623\u0633\u0646\u0627\u0646 \u0641\u064a \u0623\u064a \u0639\u0645\u0631. \u0645\u0639 \u0630\u0644\u0643\u060c \u064a\u062c\u0628 \u0623\u0646 \u064a\u0643\u062a\u0645\u0644 \u0646\u0645\u0648 \u0627\u0644\u0639\u0638\u0627\u0645 \u0644\u062f\u0649 \u0627\u0644\u0634\u0628\u0627\u0628\u060c \u0648\u064a\u062d\u062f\u062b \u0647\u0630\u0627 \u0639\u0627\u062f\u0629\u064b \u0641\u064a \u0633\u0646 16-17 \u0639\u0627\u0645\u064b\u0627 \u0644\u0644\u0641\u062a\u064a\u0627\u062a \u064818 \u0639\u0627\u0645\u064b\u0627 \u0644\u0644\u0641\u062a\u064a\u0627\u0646. \u0644\u0627 \u064a\u0648\u062c\u062f \u062d\u062f \u0623\u0642\u0635\u0649 \u0644\u0644\u0639\u0645\u0631 \u0628\u0627\u0644\u0646\u0633\u0628\u0629 \u0644\u0644\u0628\u0627\u0644\u063a\u064a\u0646\u060c \u0625\u0630 \u064a\u0645\u0643\u0646 \u0632\u0631\u0627\u0639\u0629 \u0627\u0644\u0623\u0633\u0646\u0627\u0646 \u0644\u0644\u0623\u0634\u062e\u0627\u0635 \u0645\u0646 \u062c\u0645\u064a\u0639 \u0627\u0644\u0623\u0639\u0645\u0627\u0631 \u0627\u0644\u0630\u064a\u0646 \u064a\u062a\u0645\u062a\u0639\u0648\u0646 \u0628\u0635\u062d\u0629 \u0639\u0627\u0645\u0629 \u062c\u064a\u062f\u0629. \u064a\u062d\u062a\u0627\u062c \u0643\u0628\u0627\u0631 \u0627\u0644\u0633\u0646 \u0625\u0644\u0649 \u0632\u0631\u0627\u0639\u0629 \u0627\u0644\u0623\u0633\u0646\u0627\u0646 \u0623\u0643\u062b\u0631 \u0644\u0623\u0646\u0647\u0645 \u064a\u0641\u0642\u062f\u0648\u0646 \u0639\u062f\u062f\u064b\u0627 \u0623\u0643\u0628\u0631 \u0645\u0646 \u0627\u0644\u0623\u0633\u0646\u0627\u0646 \u0648\u064a\u0639\u0627\u0646\u0648\u0646 \u0645\u0646 \u0627\u0631\u062a\u0634\u0627\u0641 \u0627\u0644\u0639\u0638\u0627\u0645 \u0641\u064a \u0639\u0638\u0627\u0645 \u0627\u0644\u0641\u0643.\n\n\t\t\t\t\t<\/p>\n\t\t\t\t\n\t\t\t<\/div>\n\t\t\t\n\t\t<\/div>\n\t\t\t\t\t\t<\/div>\n\t\t\t\t<div class=\"elementor-element elementor-element-09211df elementor-position-inline-end elementor-view-default elementor-mobile-position-block-start elementor-widget elementor-widget-icon-box\" data-id=\"09211df\" data-element_type=\"widget\" data-e-type=\"widget\" data-widget_type=\"icon-box.default\">\n\t\t\t\t\t\t\t<div class=\"elementor-icon-box-wrapper\">\n\n\t\t\t\t\t\t<div class=\"elementor-icon-box-icon\">\n\t\t\t\t<span  class=\"elementor-icon\">\n\t\t\t\t<svg aria-hidden=\"true\" class=\"e-font-icon-svg e-fas-tv\" viewbox=\"0 0 640 512\" xmlns=\"http:\/\/www.w3.org\/2000\/svg\"><path d=\"M592 0H48A48 48 0 0 0 0 48v320a48 48 0 0 0 48 48h240v32H112a16 16 0 0 0-16 16v32a16 16 0 0 0 16 16h416a16 16 0 0 0 16-16v-32a16 16 0 0 0-16-16H352v-32h240a48 48 0 0 0 48-48V48a48 48 0 0 0-48-48zm-16 352H64V64h512z\"><\/path><\/svg>\t\t\t\t<\/span>\n\t\t\t<\/div>\n\t\t\t\n\t\t\t\t\t\t<div class=\"elementor-icon-box-content\">\n\n\t\t\t\t\t\t\t\t\t<h3 class=\"elementor-icon-box-title\">\n\t\t\t\t\t\t<span  >\n\t\t\t\t\t\t\t\u062a\u0642\u0646\u064a\u0629 \u0632\u0631\u0627\u0639\u0629 \u0627\u0644\u0623\u0633\u0646\u0627\u0646 \u0628\u062f\u0648\u0646 \u062c\u0631\u0627\u062d\u0629\t\t\t\t\t\t<\/span>\n\t\t\t\t\t<\/h3>\n\t\t\t\t\n\t\t\t\t\t\t\t\t\t<p class=\"elementor-icon-box-description\">\n\t\t\t\t\t\t\u0647\u0630\u0627 \u0639\u0644\u0627\u062c \u064a\u064f\u062c\u0631\u0649 \u0628\u0627\u0633\u062a\u062e\u062f\u0627\u0645 \u062f\u0644\u064a\u0644 \u062c\u0631\u0627\u062d\u064a \u0645\u064f\u0639\u062f\u0651 \u062e\u0635\u064a\u0635\u064b\u0627\u060c \u0648\u0645\u064f\u062e\u0637\u0637 \u0644\u0647 \u0628\u062a\u0642\u0646\u064a\u0627\u062a \u0631\u0642\u0645\u064a\u0629. \u0641\u064a \u0647\u0630\u0647 \u0627\u0644\u0637\u0631\u064a\u0642\u0629\u060c \u062a\u064f\u062d\u062f\u062f \u0627\u0644\u0645\u0646\u0637\u0642\u0629 \u0627\u0644\u062a\u064a \u0633\u064a\u064f\u0632\u0631\u0639 \u0641\u064a\u0647\u0627 \u0627\u0644\u0633\u0646 \u0628\u062f\u0642\u0629 \u0645\u062a\u0646\u0627\u0647\u064a\u0629 \u062a\u0635\u0644 \u0625\u0644\u0649 \u0627\u0644\u0645\u0644\u064a\u0645\u062a\u0631 \u0641\u064a \u0628\u064a\u0626\u0629 \u062d\u0627\u0633\u0648\u0628\u064a\u0629\u060c \u0648\u064a\u064f\u0635\u0646\u0639 \u0637\u0628\u0642\u0629 \u0645\u064f\u062e\u0635\u0635\u0629 \u0648\u0641\u0642\u064b\u0627 \u0644\u0647\u0630\u0627 \u0627\u0644\u0645\u062e\u0637\u0637 \u0628\u0627\u0633\u062a\u062e\u062f\u0627\u0645 \u0637\u0627\u0628\u0639\u0629 \u062b\u0644\u0627\u062b\u064a\u0629 \u0627\u0644\u0623\u0628\u0639\u0627\u062f. \u0628\u0641\u0636\u0644 \u0647\u0630\u0627 \u0627\u0644\u0639\u0644\u0627\u062c\u060c \u064a\u064f\u0632\u0631\u0639 \u0627\u0644\u0633\u0646 \u0628\u062f\u0642\u0629 \u0645\u062a\u0646\u0627\u0647\u064a\u0629 \u0644\u064a\u064f\u0637\u0627\u0628\u0642 \u0632\u0627\u0648\u064a\u0629 \u0648\u0639\u0645\u0642 \u0627\u0644\u0639\u0638\u0645.\n\n\u063a\u0627\u0644\u0628\u064b\u0627 \u0645\u0627 \u062a\u064f\u062a\u064a\u062d \u062c\u0631\u0627\u062d\u0629 \u0632\u0631\u0627\u0639\u0629 \u0627\u0644\u0623\u0633\u0646\u0627\u0646 \u0627\u0644\u0645\u0648\u062c\u0647\u0629 \u0625\u0645\u0643\u0627\u0646\u064a\u0629 \u0632\u0631\u0627\u0639\u0629 \u0627\u0644\u0633\u0646 \u062f\u0648\u0646 \u0627\u0644\u062d\u0627\u062c\u0629 \u0625\u0644\u0649 \u062e\u064a\u0627\u0637\u0629. \u0645\u0639 \u0647\u0630\u0627 \u0627\u0644\u0639\u0644\u0627\u062c\u060c \u064a\u064f\u0632\u0631\u0639 \u0627\u0644\u0633\u0646 \u0641\u064a \u0627\u0644\u0645\u0646\u0637\u0642\u0629 \u0627\u0644\u0645\u0637\u0644\u0648\u0628\u0629 \u0641\u0642\u0637 \u062f\u0648\u0646 \u0627\u0644\u062d\u0627\u062c\u0629 \u0625\u0644\u0649 \u0634\u0642 \u062c\u0631\u0627\u062d\u064a \u0643\u0628\u064a\u0631. \u0648\u0628\u0627\u0644\u062a\u0627\u0644\u064a\u060c \u064a\u064f\u062e\u062a\u0635\u0631 \u0648\u0642\u062a \u0627\u0644\u0639\u0645\u0644\u064a\u0629\u060c \u0648\u064a\u064f\u0642\u0644\u0644 \u0627\u0644\u0646\u0632\u064a\u0641 \u0625\u0644\u0649 \u0623\u062f\u0646\u0649 \u062d\u062f\u060c \u0648\u062a\u0643\u0648\u0646 \u0641\u062a\u0631\u0629 \u0646\u0642\u0627\u0647\u0629 \u0627\u0644\u0645\u0631\u064a\u0636 \u0623\u0643\u062b\u0631 \u0631\u0627\u062d\u0629.\t\t\t\t\t<\/p>\n\t\t\t\t\n\t\t\t<\/div>\n\t\t\t\n\t\t<\/div>\n\t\t\t\t\t\t<\/div>\n\t\t\t\t<\/div>\n\t\t<div class=\"elementor-element elementor-element-b04d06a e-con-full e-flex wpr-particle-no wpr-jarallax-no wpr-parallax-no wpr-sticky-section-no e-con e-child\" data-id=\"b04d06a\" data-element_type=\"container\" data-e-type=\"container\">\n\t\t\t\t<div class=\"elementor-element elementor-element-eb93c8a elementor-widget elementor-widget-image\" data-id=\"eb93c8a\" data-element_type=\"widget\" data-e-type=\"widget\" data-widget_type=\"image.default\">\n\t\t\t\t\t\t\t\t\t\t\t\t\t\t\t<img fetchpriority=\"high\" decoding=\"async\" width=\"750\" height=\"500\" src=\"https:\/\/dtimad.com.tr\/wp-content\/uploads\/2025\/12\/rehberli-implant.jpg\" class=\"attachment-large size-large wp-image-4097\" alt=\"\" srcset=\"https:\/\/dtimad.com.tr\/wp-content\/uploads\/2025\/12\/rehberli-implant.jpg 800w, https:\/\/dtimad.com.tr\/wp-content\/uploads\/2025\/12\/rehberli-implant-300x200.jpg 300w, https:\/\/dtimad.com.tr\/wp-content\/uploads\/2025\/12\/rehberli-implant-768x512.jpg 768w, https:\/\/dtimad.com.tr\/wp-content\/uploads\/2025\/12\/rehberli-implant-370x247.jpg 370w, https:\/\/dtimad.com.tr\/wp-content\/uploads\/2025\/12\/rehberli-implant-270x180.jpg 270w, https:\/\/dtimad.com.tr\/wp-content\/uploads\/2025\/12\/rehberli-implant-18x12.jpg 18w, https:\/\/dtimad.com.tr\/wp-content\/uploads\/2025\/12\/rehberli-implant-360x240.jpg 360w\" sizes=\"(max-width: 750px) 100vw, 750px\" \/>\t\t\t\t\t\t\t\t\t\t\t\t\t\t\t<\/div>\n\t\t\t\t<div class=\"elementor-element elementor-element-0f19499 elementor-widget elementor-widget-image\" data-id=\"0f19499\" data-element_type=\"widget\" data-e-type=\"widget\" data-widget_type=\"image.default\">\n\t\t\t\t\t\t\t\t\t\t\t\t\t\t\t<img decoding=\"async\" width=\"750\" height=\"500\" src=\"https:\/\/dtimad.com.tr\/wp-content\/uploads\/2025\/12\/6-Benefits-Blog-Post-1024x683.jpg\" class=\"attachment-large size-large wp-image-3804\" alt=\"\" srcset=\"https:\/\/dtimad.com.tr\/wp-content\/uploads\/2025\/12\/6-Benefits-Blog-Post-1024x683.jpg 1024w, https:\/\/dtimad.com.tr\/wp-content\/uploads\/2025\/12\/6-Benefits-Blog-Post-300x200.jpg 300w, https:\/\/dtimad.com.tr\/wp-content\/uploads\/2025\/12\/6-Benefits-Blog-Post-768x512.jpg 768w, https:\/\/dtimad.com.tr\/wp-content\/uploads\/2025\/12\/6-Benefits-Blog-Post-370x247.jpg 370w, https:\/\/dtimad.com.tr\/wp-content\/uploads\/2025\/12\/6-Benefits-Blog-Post-270x180.jpg 270w, https:\/\/dtimad.com.tr\/wp-content\/uploads\/2025\/12\/6-Benefits-Blog-Post-1536x1024.jpg 1536w, https:\/\/dtimad.com.tr\/wp-content\/uploads\/2025\/12\/6-Benefits-Blog-Post-18x12.jpg 18w, https:\/\/dtimad.com.tr\/wp-content\/uploads\/2025\/12\/6-Benefits-Blog-Post-360x240.jpg 360w, https:\/\/dtimad.com.tr\/wp-content\/uploads\/2025\/12\/6-Benefits-Blog-Post.jpg 1920w\" sizes=\"(max-width: 750px) 100vw, 750px\" \/>\t\t\t\t\t\t\t\t\t\t\t\t\t\t\t<\/div>\n\t\t\t\t<div class=\"elementor-element elementor-element-4e85ff2 elementor-widget elementor-widget-image\" data-id=\"4e85ff2\" data-element_type=\"widget\" data-e-type=\"widget\" data-widget_type=\"image.default\">\n\t\t\t\t\t\t\t\t\t\t\t\t\t\t\t<img decoding=\"async\" width=\"750\" height=\"563\" src=\"https:\/\/dtimad.com.tr\/wp-content\/uploads\/2025\/12\/WhatsApp-Image-2025-12-19-at-21.42.39-1024x768.jpeg\" class=\"attachment-large size-large wp-image-4142\" alt=\"\" srcset=\"https:\/\/dtimad.com.tr\/wp-content\/uploads\/2025\/12\/WhatsApp-Image-2025-12-19-at-21.42.39-1024x768.jpeg 1024w, https:\/\/dtimad.com.tr\/wp-content\/uploads\/2025\/12\/WhatsApp-Image-2025-12-19-at-21.42.39-300x225.jpeg 300w, https:\/\/dtimad.com.tr\/wp-content\/uploads\/2025\/12\/WhatsApp-Image-2025-12-19-at-21.42.39-768x576.jpeg 768w, https:\/\/dtimad.com.tr\/wp-content\/uploads\/2025\/12\/WhatsApp-Image-2025-12-19-at-21.42.39-1536x1152.jpeg 1536w, https:\/\/dtimad.com.tr\/wp-content\/uploads\/2025\/12\/WhatsApp-Image-2025-12-19-at-21.42.39-16x12.jpeg 16w, https:\/\/dtimad.com.tr\/wp-content\/uploads\/2025\/12\/WhatsApp-Image-2025-12-19-at-21.42.39.jpeg 1600w\" sizes=\"(max-width: 750px) 100vw, 750px\" \/>\t\t\t\t\t\t\t\t\t\t\t\t\t\t\t<\/div>\n\t\t\t\t<\/div>\n\t\t\t\t\t<\/div>\n\t\t\t\t<\/div>\n\t\t<div class=\"elementor-element elementor-element-1bdda46 e-flex e-con-boxed wpr-particle-no wpr-jarallax-no wpr-parallax-no wpr-sticky-section-no e-con e-parent\" data-id=\"1bdda46\" data-element_type=\"container\" data-e-type=\"container\" data-settings=\"{&quot;background_background&quot;:&quot;classic&quot;}\">\n\t\t\t\t\t<div class=\"e-con-inner\">\n\t\t\t\t<div class=\"elementor-element elementor-element-695dd7f elementor-widget elementor-widget-heading\" data-id=\"695dd7f\" data-element_type=\"widget\" data-e-type=\"widget\" data-widget_type=\"heading.default\">\n\t\t\t\t\t<h2 class=\"elementor-heading-title elementor-size-default\">\u0627\u0646\u062a \u0627\u064a\u0636\u0627 \u0627\u0643\u0645\u0644 \u0623\u0633\u0646\u0627\u0646\u0643<\/h2>\t\t\t\t<\/div>\n\t\t\t\t<div class=\"elementor-element elementor-element-50e91e0 elementor-align-center elementor-widget elementor-widget-button\" data-id=\"50e91e0\" data-element_type=\"widget\" data-e-type=\"widget\" data-widget_type=\"button.default\">\n\t\t\t\t\t\t\t\t\t\t<a class=\"elementor-button elementor-button-link elementor-size-sm\" href=\"https:\/\/dtimad.com.tr\/ar\/bize-ulas\/#randevu-al\">\n\t\t\t\t\t\t<span class=\"elementor-button-content-wrapper\">\n\t\t\t\t\t\t\t\t\t<span class=\"elementor-button-text\">\u0623\u062d\u062c\u0632 \u0645\u0648\u0639\u062f<\/span>\n\t\t\t\t\t<\/span>\n\t\t\t\t\t<\/a>\n\t\t\t\t\t\t\t\t<\/div>\n\t\t\t\t\t<\/div>\n\t\t\t\t<\/div>\n\t\t\t\t<\/div>","protected":false},"excerpt":{"rendered":"<p>Hizmetler Di\u015f \u0130mplant Gazimuhtarpa\u015fada en iyi ve a\u011f\u0131rs\u0131z \u015fekilde di\u015f implantlar\u0131 yap\u0131yoruz Nas\u0131l oluyor ? Di\u015f \u0130mpanltlar\u0131 : eksik di\u015flerin yerine \u00e7ene kemi\u011fine yerle\u015ftirilen ve \u00fczerine protez di\u015f yap\u0131lmas\u0131na olanak<\/p>","protected":false},"author":1,"featured_media":0,"parent":0,"menu_order":0,"comment_status":"closed","ping_status":"closed","template":"","meta":{"_eb_attr":"","breadcrumbs_single_post":"","page_title_panel":"","breadcrumbs_single_page":"","single_page_alignment":"","single_page_margin":"","page_structure_type":"","content_style_source":"","content_style":"","blog_post_streched_ed":"","blog_page_streched_ed":"","has_transparent_header":"","disable_transparent_header":"","vertical_spacing_source":"","content_area_spacing":"","single_post_content_background":"","single_page_content_background":"","single_post_boxed_content_spacing":"","single_page_boxed_content_spacing":"","single_post_content_boxed_radius":"","single_page_content_boxed_radius":"","disable_featured_image":"","disable_post_tags":"","disable_author_box":"","disable_posts_navigation":"","disable_comments":"","disable_related_posts":"","disable_header":"","disable_footer":"","footnotes":""},"class_list":["post-3793","page","type-page","status-publish","hentry","rishi-post","no-post-thumbnail"],"_hostinger_reach_plugin_has_subscription_block":false,"_hostinger_reach_plugin_is_elementor":false,"_links":{"self":[{"href":"https:\/\/dtimad.com.tr\/ar\/wp-json\/wp\/v2\/pages\/3793","targetHints":{"allow":["GET"]}}],"collection":[{"href":"https:\/\/dtimad.com.tr\/ar\/wp-json\/wp\/v2\/pages"}],"about":[{"href":"https:\/\/dtimad.com.tr\/ar\/wp-json\/wp\/v2\/types\/page"}],"author":[{"embeddable":true,"href":"https:\/\/dtimad.com.tr\/ar\/wp-json\/wp\/v2\/users\/1"}],"replies":[{"embeddable":true,"href":"https:\/\/dtimad.com.tr\/ar\/wp-json\/wp\/v2\/comments?post=3793"}],"version-history":[{"count":60,"href":"https:\/\/dtimad.com.tr\/ar\/wp-json\/wp\/v2\/pages\/3793\/revisions"}],"predecessor-version":[{"id":4446,"href":"https:\/\/dtimad.com.tr\/ar\/wp-json\/wp\/v2\/pages\/3793\/revisions\/4446"}],"wp:attachment":[{"href":"https:\/\/dtimad.com.tr\/ar\/wp-json\/wp\/v2\/media?parent=3793"}],"curies":[{"name":"wp","href":"https:\/\/api.w.org\/{rel}","templated":true}]}}