{"id":3792,"date":"2025-12-18T06:27:27","date_gmt":"2025-12-18T06:27:27","guid":{"rendered":"https:\/\/dtimad.com.tr\/?page_id=3792"},"modified":"2025-12-24T15:49:23","modified_gmt":"2025-12-24T15:49:23","slug":"ortodonti","status":"publish","type":"page","link":"https:\/\/dtimad.com.tr\/ar\/ortodonti\/","title":{"rendered":"\u062a\u0642\u0648\u064a\u0645 \u0627\u0644\u0623\u0633\u0646\u0627\u0646 (\u062a\u0635\u062d\u064a\u062d \u0627\u0644\u0641\u0643)"},"content":{"rendered":"<div data-elementor-type=\"wp-page\" data-elementor-id=\"3792\" class=\"elementor elementor-3792\" data-elementor-post-type=\"page\">\n\t\t\t\t<div class=\"elementor-element elementor-element-cf57f9b e-flex e-con-boxed wpr-particle-no wpr-jarallax-no wpr-parallax-no wpr-sticky-section-no e-con e-parent\" data-id=\"cf57f9b\" data-element_type=\"container\" data-e-type=\"container\" data-settings=\"{&quot;background_background&quot;:&quot;classic&quot;}\">\n\t\t\t\t\t<div class=\"e-con-inner\">\n\t\t\t\t<div class=\"elementor-element elementor-element-32561dc elementor-widget elementor-widget-text-editor\" data-id=\"32561dc\" data-element_type=\"widget\" data-e-type=\"widget\" data-widget_type=\"text-editor.default\">\n\t\t\t\t\t\t\t\t\t<p>\u0627\u0644\u062e\u062f\u0645\u0627\u062a<\/p>\t\t\t\t\t\t\t\t<\/div>\n\t\t\t\t<div class=\"elementor-element elementor-element-f7fbe30 elementor-widget elementor-widget-heading\" data-id=\"f7fbe30\" data-element_type=\"widget\" data-e-type=\"widget\" data-widget_type=\"heading.default\">\n\t\t\t\t\t<h1 class=\"elementor-heading-title elementor-size-default\">\u062a\u0642\u0648\u064a\u0645 \u0627\u0644\u0623\u0633\u0646\u0627\u0646 (\u062a\u0635\u062d\u064a\u062d \u0627\u0644\u0641\u0643)<\/h1>\t\t\t\t<\/div>\n\t\t\t\t<div class=\"elementor-element elementor-element-bf6ef1f elementor-widget elementor-widget-text-editor\" data-id=\"bf6ef1f\" data-element_type=\"widget\" data-e-type=\"widget\" data-widget_type=\"text-editor.default\">\n\t\t\t\t\t\t\t\t\t<p>\u0646\u0642\u0648\u0645 \u0628\u062a\u0635\u062d\u064a\u062d \u0627\u0635\u0637\u0641\u0627\u0641 \u0627\u0644\u0623\u0633\u0646\u0627\u0646 \u0641\u064a \u0639\u064a\u0627\u062f\u062a\u0646\u0627 \u0644\u0637\u0628 \u0627\u0644\u0623\u0633\u0646\u0627\u0646 \u0641\u064a \u063a\u0627\u0632\u064a \u0645\u062e\u062a\u0627\u0631 \u0628\u0627\u0634\u0627.<\/p>\t\t\t\t\t\t\t\t<\/div>\n\t\t\t\t\t<\/div>\n\t\t\t\t<\/div>\n\t\t<div class=\"elementor-element elementor-element-956b25f e-flex e-con-boxed wpr-particle-no wpr-jarallax-no wpr-parallax-no wpr-sticky-section-no e-con e-parent\" data-id=\"956b25f\" data-element_type=\"container\" data-e-type=\"container\">\n\t\t\t\t\t<div class=\"e-con-inner\">\n\t\t<div class=\"elementor-element elementor-element-fca1fe3 e-con-full e-flex wpr-particle-no wpr-jarallax-no wpr-parallax-no wpr-sticky-section-no e-con e-child\" data-id=\"fca1fe3\" data-element_type=\"container\" data-e-type=\"container\">\n\t\t<div class=\"elementor-element elementor-element-22edb1c e-con-full e-flex wpr-particle-no wpr-jarallax-no wpr-parallax-no wpr-sticky-section-no e-con e-child\" data-id=\"22edb1c\" data-element_type=\"container\" data-e-type=\"container\">\n\t\t<div class=\"elementor-element elementor-element-7f78760 e-con-full e-flex wpr-particle-no wpr-jarallax-no wpr-parallax-no wpr-sticky-section-no e-con e-child\" data-id=\"7f78760\" data-element_type=\"container\" data-e-type=\"container\">\n\t\t\t\t<div class=\"elementor-element elementor-element-a1016bf elementor-widget elementor-widget-heading\" data-id=\"a1016bf\" data-element_type=\"widget\" data-e-type=\"widget\" data-widget_type=\"heading.default\">\n\t\t\t\t\t<span class=\"elementor-heading-title elementor-size-default\">\u0643\u064a\u0641\u064a\u0629 \u0627\u0644\u0639\u0645\u0644 \u061f<\/span>\t\t\t\t<\/div>\n\t\t\t\t<div class=\"elementor-element elementor-element-83f5aab elementor-widget elementor-widget-heading\" data-id=\"83f5aab\" data-element_type=\"widget\" data-e-type=\"widget\" data-widget_type=\"heading.default\">\n\t\t\t\t\t<h2 class=\"elementor-heading-title elementor-size-default\">\u0639\u0644\u0627\u062c \u062a\u0635\u062d\u064a\u062d \u0627\u0644\u0641\u0643<\/h2>\t\t\t\t<\/div>\n\t\t\t\t<div class=\"elementor-element elementor-element-cdecf9d elementor-widget elementor-widget-text-editor\" data-id=\"cdecf9d\" data-element_type=\"widget\" data-e-type=\"widget\" data-widget_type=\"text-editor.default\">\n\t\t\t\t\t\t\t\t\t<p>\u062a\u0642\u0648\u064a\u0645 \u0627\u0644\u0623\u0633\u0646\u0627\u0646\u060c \u0627\u0644\u0645\u0639\u0631\u0648\u0641 \u0623\u064a\u0636\u064b\u0627 \u0628\u0627\u0633\u0645 \u062a\u0642\u0648\u064a\u0645 \u0627\u0644\u0623\u0633\u0646\u0627\u0646 \u0641\u064a \u0627\u0644\u0644\u063a\u0629 \u0627\u0644\u062f\u0627\u0631\u062c\u0629\u060c \u0647\u0648 \u0641\u0631\u0639 \u0645\u0646 \u0637\u0628 \u0627\u0644\u0623\u0633\u0646\u0627\u0646 \u064a\u0639\u0627\u0644\u062c \u062a\u0634\u0648\u0647\u0627\u062a \u0627\u0644\u0623\u0633\u0646\u0627\u0646 \u0648\u0627\u0644\u0641\u0643\u064a\u0646 \u0648\u0627\u0644\u0648\u062c\u0647.<\/p>\t\t\t\t\t\t\t\t<\/div>\n\t\t\t\t<div class=\"elementor-element elementor-element-6d14cc4 elementor-position-inline-start elementor-view-default elementor-mobile-position-block-start elementor-widget elementor-widget-icon-box\" data-id=\"6d14cc4\" data-element_type=\"widget\" data-e-type=\"widget\" data-widget_type=\"icon-box.default\">\n\t\t\t\t\t\t\t<div class=\"elementor-icon-box-wrapper\">\n\n\t\t\t\t\t\t<div class=\"elementor-icon-box-icon\">\n\t\t\t\t<span  class=\"elementor-icon\">\n\t\t\t\t<svg aria-hidden=\"true\" class=\"e-font-icon-svg e-far-grin\" viewbox=\"0 0 496 512\" xmlns=\"http:\/\/www.w3.org\/2000\/svg\"><path d=\"M248 8C111 8 0 119 0 256s111 248 248 248 248-111 248-248S385 8 248 8zm0 448c-110.3 0-200-89.7-200-200S137.7 56 248 56s200 89.7 200 200-89.7 200-200 200zm105.6-151.4c-25.9 8.3-64.4 13.1-105.6 13.1s-79.6-4.8-105.6-13.1c-9.9-3.1-19.4 5.4-17.7 15.3 7.9 47.1 71.3 80 123.3 80s115.3-32.9 123.3-80c1.6-9.8-7.7-18.4-17.7-15.3zM168 240c17.7 0 32-14.3 32-32s-14.3-32-32-32-32 14.3-32 32 14.3 32 32 32zm160 0c17.7 0 32-14.3 32-32s-14.3-32-32-32-32 14.3-32 32 14.3 32 32 32z\"><\/path><\/svg>\t\t\t\t<\/span>\n\t\t\t<\/div>\n\t\t\t\n\t\t\t\t\t\t<div class=\"elementor-icon-box-content\">\n\n\t\t\t\t\t\t\t\t\t<h3 class=\"elementor-icon-box-title\">\n\t\t\t\t\t\t<span  >\n\t\t\t\t\t\t\t\u062a\u0642\u0648\u064a\u0645 \u0627\u0644\u0627\u0633\u0646\u0627\u0646\t\t\t\t\t\t<\/span>\n\t\t\t\t\t<\/h3>\n\t\t\t\t\n\t\t\t\t\t\t\t\t\t<p class=\"elementor-icon-box-description\">\n\t\t\t\t\t\t\u064a\u0647\u062f\u0641 \u0647\u0630\u0627 \u0627\u0644\u0639\u0644\u0627\u062c\u060c \u0627\u0644\u0630\u064a \u064a\u062a\u0645 \u062a\u0637\u0628\u064a\u0642\u0647 \u062a\u062d\u062a \u0645\u0638\u0644\u0629 \u0639\u0644\u0627\u062c \u062a\u0642\u0648\u064a\u0645 \u0627\u0644\u0623\u0633\u0646\u0627\u0646\u060c \u0625\u0644\u0649 \u062a\u0635\u062d\u064a\u062d \u0628\u0646\u064a\u0629 \u0623\u0633\u0646\u0627\u0646 \u0627\u0644\u0634\u062e\u0635.\t\t\t\t\t<\/p>\n\t\t\t\t\n\t\t\t<\/div>\n\t\t\t\n\t\t<\/div>\n\t\t\t\t\t\t<\/div>\n\t\t\t\t<div class=\"elementor-element elementor-element-24dfb7f elementor-position-inline-start elementor-view-default elementor-mobile-position-block-start elementor-widget elementor-widget-icon-box\" data-id=\"24dfb7f\" data-element_type=\"widget\" data-e-type=\"widget\" data-widget_type=\"icon-box.default\">\n\t\t\t\t\t\t\t<div class=\"elementor-icon-box-wrapper\">\n\n\t\t\t\t\t\t<div class=\"elementor-icon-box-icon\">\n\t\t\t\t<span  class=\"elementor-icon\">\n\t\t\t\t<svg aria-hidden=\"true\" class=\"e-font-icon-svg e-far-question-circle\" viewbox=\"0 0 512 512\" xmlns=\"http:\/\/www.w3.org\/2000\/svg\"><path d=\"M256 8C119.043 8 8 119.083 8 256c0 136.997 111.043 248 248 248s248-111.003 248-248C504 119.083 392.957 8 256 8zm0 448c-110.532 0-200-89.431-200-200 0-110.495 89.472-200 200-200 110.491 0 200 89.471 200 200 0 110.53-89.431 200-200 200zm107.244-255.2c0 67.052-72.421 68.084-72.421 92.863V300c0 6.627-5.373 12-12 12h-45.647c-6.627 0-12-5.373-12-12v-8.659c0-35.745 27.1-50.034 47.579-61.516 17.561-9.845 28.324-16.541 28.324-29.579 0-17.246-21.999-28.693-39.784-28.693-23.189 0-33.894 10.977-48.942 29.969-4.057 5.12-11.46 6.071-16.666 2.124l-27.824-21.098c-5.107-3.872-6.251-11.066-2.644-16.363C184.846 131.491 214.94 112 261.794 112c49.071 0 101.45 38.304 101.45 88.8zM298 368c0 23.159-18.841 42-42 42s-42-18.841-42-42 18.841-42 42-42 42 18.841 42 42z\"><\/path><\/svg>\t\t\t\t<\/span>\n\t\t\t<\/div>\n\t\t\t\n\t\t\t\t\t\t<div class=\"elementor-icon-box-content\">\n\n\t\t\t\t\t\t\t\t\t<h3 class=\"elementor-icon-box-title\">\n\t\t\t\t\t\t<span  >\n\t\t\t\t\t\t\t\u0647\u0644 \u0647\u0646\u0627\u0643 \u062d\u062f \u0623\u0642\u0635\u0649 \u0644\u0644\u0639\u0645\u0631 \u0644\u0625\u062c\u0631\u0627\u0621 \u0639\u0644\u0627\u062c\u0627\u062a \u062a\u0642\u0648\u064a\u0645 \u0627\u0644\u0623\u0633\u0646\u0627\u0646\u061f\t\t\t\t\t\t<\/span>\n\t\t\t\t\t<\/h3>\n\t\t\t\t\n\t\t\t\t\t\t\t\t\t<p class=\"elementor-icon-box-description\">\n\t\t\t\t\t\t\u064a\u064f\u0639\u062f\u0651 \u0627\u0644\u0639\u0645\u0631 \u0628\u064a\u0646 11 \u064813 \u0639\u0627\u0645\u064b\u0627 \u0627\u0644\u0641\u062a\u0631\u0629 \u0627\u0644\u0623\u0646\u0633\u0628 \u0644\u0639\u0644\u0627\u062c \u062a\u0642\u0648\u064a\u0645 \u0627\u0644\u0623\u0633\u0646\u0627\u0646. \u0645\u0639 \u0630\u0644\u0643\u060c \u0625\u0630\u0627 \u0644\u0645 \u062a\u0643\u0646 \u0647\u0646\u0627\u0643 \u0645\u0634\u0643\u0644\u0629 \u0647\u064a\u0643\u0644\u064a\u0629 \u0648\u0643\u0627\u0646 \u0639\u062f\u0645 \u0627\u0646\u062a\u0638\u0627\u0645 \u0627\u0644\u0623\u0633\u0646\u0627\u0646 \u0646\u0627\u062a\u062c\u064b\u0627 \u0641\u0642\u0637 \u0639\u0646 \u0645\u0634\u0627\u0643\u0644 \u0641\u064a \u0627\u0644\u0641\u0643\u060c \u0641\u064a\u0645\u0643\u0646 \u0625\u062c\u0631\u0627\u0621 \u0627\u0644\u0639\u0644\u0627\u062c \u0641\u064a \u0623\u064a \u0639\u0645\u0631. \u0644\u0627 \u064a\u064f\u0645\u0643\u0646 \u062a\u0635\u062d\u064a\u062d \u0639\u062f\u0645 \u0627\u0646\u062a\u0638\u0627\u0645 \u0627\u0644\u0647\u064a\u0643\u0644 \u0627\u0644\u0639\u0638\u0645\u064a \u0644\u062f\u0649 \u0627\u0644\u0628\u0627\u0644\u063a\u064a\u0646 \u0628\u062a\u0642\u0648\u064a\u0645 \u0627\u0644\u0623\u0633\u0646\u0627\u0646 \u0648\u062d\u062f\u0647\u060c \u0628\u0644 \u064a\u064f\u0639\u0627\u0644\u062c \u0647\u0624\u0644\u0627\u0621 \u0627\u0644\u0645\u0631\u0636\u0649 \u0628\u062a\u0642\u0646\u064a\u0627\u062a \u062a\u064f\u0639\u0631\u0641 \u0628\u062c\u0631\u0627\u062d\u0629 \u062a\u0642\u0648\u064a\u0645 \u0627\u0644\u0641\u0643\u064a\u0646.\t\t\t\t\t<\/p>\n\t\t\t\t\n\t\t\t<\/div>\n\t\t\t\n\t\t<\/div>\n\t\t\t\t\t\t<\/div>\n\t\t\t\t<\/div>\n\t\t<div class=\"elementor-element elementor-element-9d99527 e-con-full e-flex wpr-particle-no wpr-jarallax-no wpr-parallax-no wpr-sticky-section-no e-con e-child\" data-id=\"9d99527\" data-element_type=\"container\" data-e-type=\"container\">\n\t\t\t\t<div class=\"elementor-element elementor-element-8dc483e elementor-widget elementor-widget-wpr-before-after\" data-id=\"8dc483e\" data-element_type=\"widget\" data-e-type=\"widget\" data-widget_type=\"wpr-before-after.default\">\n\t\t\t\t\t<div class=\"wpr-ba-image-container wpr-ba-horizontal wpr-ba-labels-default\" data-position=\"50\" data-trigger=\"drag\"><div class=\"wpr-ba-image-1\"><img decoding=\"async\" src=\"https:\/\/dtimad.com.tr\/wp-content\/uploads\/2025\/12\/WhatsApp-Image-2025-12-16-at-19.48.48.jpeg\"><\/div><div class=\"wpr-ba-image-2\"><img decoding=\"async\" src=\"https:\/\/dtimad.com.tr\/wp-content\/uploads\/2025\/12\/WhatsApp-Image-2025-12-16-at-19.48.50-1.jpeg\"><\/div><div class=\"wpr-ba-divider\"><div class=\"wpr-ba-divider-icons\"><i class=\"fa fa-angle-left\"><\/i><i class=\"fa fa-angle-right\"><\/i><\/div><\/div><div class=\"wpr-ba-label wpr-ba-label-1\"><div>\u0642\u0628\u0644<\/div><\/div><div class=\"wpr-ba-label wpr-ba-label-2\"><div>\u0628\u0639\u062f<\/div><\/div><\/div>\t\t\t\t<\/div>\n\t\t\t\t<div class=\"elementor-element elementor-element-34f3563 elementor-widget elementor-widget-wpr-before-after\" data-id=\"34f3563\" data-element_type=\"widget\" data-e-type=\"widget\" data-widget_type=\"wpr-before-after.default\">\n\t\t\t\t\t<div class=\"wpr-ba-image-container wpr-ba-horizontal wpr-ba-labels-default\" data-position=\"50\" data-trigger=\"drag\"><div class=\"wpr-ba-image-1\"><img decoding=\"async\" src=\"https:\/\/dtimad.com.tr\/wp-content\/uploads\/2025\/12\/WhatsApp-Image-2025-12-16-at-19.49.16-1.jpeg\"><\/div><div class=\"wpr-ba-image-2\"><img decoding=\"async\" src=\"https:\/\/dtimad.com.tr\/wp-content\/uploads\/2025\/12\/WhatsApp-Image-2025-12-16-at-19.49.17-3-1.jpeg\"><\/div><div class=\"wpr-ba-divider\"><div class=\"wpr-ba-divider-icons\"><i class=\"fa fa-angle-left\"><\/i><i class=\"fa fa-angle-right\"><\/i><\/div><\/div><div class=\"wpr-ba-label wpr-ba-label-1\"><div>\u0642\u0628\u0644<\/div><\/div><div class=\"wpr-ba-label wpr-ba-label-2\"><div>\u0628\u0639\u062f<\/div><\/div><\/div>\t\t\t\t<\/div>\n\t\t\t\t<\/div>\n\t\t\t\t<\/div>\n\t\t\t\t<\/div>\n\t\t\t\t\t<\/div>\n\t\t\t\t<\/div>\n\t\t<div class=\"elementor-element elementor-element-8d32a30 e-flex e-con-boxed wpr-particle-no wpr-jarallax-no wpr-parallax-no wpr-sticky-section-no e-con e-parent\" data-id=\"8d32a30\" data-element_type=\"container\" data-e-type=\"container\" data-settings=\"{&quot;background_background&quot;:&quot;classic&quot;}\">\n\t\t\t\t\t<div class=\"e-con-inner\">\n\t\t\t\t<div class=\"elementor-element elementor-element-126f467 elementor-widget elementor-widget-heading\" data-id=\"126f467\" data-element_type=\"widget\" data-e-type=\"widget\" data-widget_type=\"heading.default\">\n\t\t\t\t\t<h2 class=\"elementor-heading-title elementor-size-default\">\u0627\u0643\u062a\u0634\u0641 \u0633\u0628\u0628 \u0627\u0644\u0645 \u0623\u0633\u0646\u0627\u0646\u0643<\/h2>\t\t\t\t<\/div>\n\t\t\t\t<div class=\"elementor-element elementor-element-25d7c37 elementor-align-center elementor-widget elementor-widget-button\" data-id=\"25d7c37\" data-element_type=\"widget\" data-e-type=\"widget\" data-widget_type=\"button.default\">\n\t\t\t\t\t\t\t\t\t\t<a class=\"elementor-button elementor-button-link elementor-size-sm\" href=\"https:\/\/dtimad.com.tr\/ar\/bize-ulas\/#randevu-al\">\n\t\t\t\t\t\t<span class=\"elementor-button-content-wrapper\">\n\t\t\t\t\t\t\t\t\t<span class=\"elementor-button-text\">\u0623\u062d\u062c\u0632 \u0645\u0648\u0639\u062f<\/span>\n\t\t\t\t\t<\/span>\n\t\t\t\t\t<\/a>\n\t\t\t\t\t\t\t\t<\/div>\n\t\t\t\t\t<\/div>\n\t\t\t\t<\/div>\n\t\t\t\t<\/div>","protected":false},"excerpt":{"rendered":"<p>Hizmetler Di\u015f D\u00fczeni D\u00fczeltme (Ortodonti) Gazimuhtaarpa\u015fadaki Di\u015f Klini\u011fimzde Di\u015f D\u00fczeni d\u00fczeltiyoruz Nas\u0131l oluyor ? Ortodonti Halk dilinde di\u015f d\u00fczeltme olarak da bilinen ortodonti; di\u015f, \u00e7ene ve y\u00fcz bozukluklar\u0131n\u0131n tedavisinin yap\u0131ld\u0131\u011f\u0131<\/p>","protected":false},"author":1,"featured_media":0,"parent":0,"menu_order":0,"comment_status":"closed","ping_status":"closed","template":"","meta":{"_eb_attr":"","breadcrumbs_single_post":"","page_title_panel":"","breadcrumbs_single_page":"","single_page_alignment":"","single_page_margin":"","page_structure_type":"","content_style_source":"","content_style":"","blog_post_streched_ed":"","blog_page_streched_ed":"","has_transparent_header":"","disable_transparent_header":"","vertical_spacing_source":"","content_area_spacing":"","single_post_content_background":"","single_page_content_background":"","single_post_boxed_content_spacing":"","single_page_boxed_content_spacing":"","single_post_content_boxed_radius":"","single_page_content_boxed_radius":"","disable_featured_image":"","disable_post_tags":"","disable_author_box":"","disable_posts_navigation":"","disable_comments":"","disable_related_posts":"","disable_header":"","disable_footer":"","footnotes":""},"class_list":["post-3792","page","type-page","status-publish","hentry","rishi-post","no-post-thumbnail"],"_hostinger_reach_plugin_has_subscription_block":false,"_hostinger_reach_plugin_is_elementor":false,"_links":{"self":[{"href":"https:\/\/dtimad.com.tr\/ar\/wp-json\/wp\/v2\/pages\/3792","targetHints":{"allow":["GET"]}}],"collection":[{"href":"https:\/\/dtimad.com.tr\/ar\/wp-json\/wp\/v2\/pages"}],"about":[{"href":"https:\/\/dtimad.com.tr\/ar\/wp-json\/wp\/v2\/types\/page"}],"author":[{"embeddable":true,"href":"https:\/\/dtimad.com.tr\/ar\/wp-json\/wp\/v2\/users\/1"}],"replies":[{"embeddable":true,"href":"https:\/\/dtimad.com.tr\/ar\/wp-json\/wp\/v2\/comments?post=3792"}],"version-history":[{"count":24,"href":"https:\/\/dtimad.com.tr\/ar\/wp-json\/wp\/v2\/pages\/3792\/revisions"}],"predecessor-version":[{"id":4451,"href":"https:\/\/dtimad.com.tr\/ar\/wp-json\/wp\/v2\/pages\/3792\/revisions\/4451"}],"wp:attachment":[{"href":"https:\/\/dtimad.com.tr\/ar\/wp-json\/wp\/v2\/media?parent=3792"}],"curies":[{"name":"wp","href":"https:\/\/api.w.org\/{rel}","templated":true}]}}