{"id":3608,"date":"2021-09-09T07:54:36","date_gmt":"2021-09-09T07:54:36","guid":{"rendered":"https:\/\/dtimad.com.tr\/contact-2\/"},"modified":"2026-01-26T11:26:30","modified_gmt":"2026-01-26T11:26:30","slug":"bize-ulas","status":"publish","type":"page","link":"https:\/\/dtimad.com.tr\/ar\/bize-ulas\/","title":{"rendered":"\u062a\u0648\u0627\u0635\u0644 \u0645\u0639\u0646\u0627"},"content":{"rendered":"<div data-elementor-type=\"wp-page\" data-elementor-id=\"3608\" class=\"elementor elementor-3608\" data-elementor-post-type=\"page\">\n\t\t\t\t<div class=\"elementor-element elementor-element-cf57f9b e-flex e-con-boxed wpr-particle-no wpr-jarallax-no wpr-parallax-no wpr-sticky-section-no e-con e-parent\" data-id=\"cf57f9b\" data-element_type=\"container\" data-e-type=\"container\" data-settings=\"{&quot;background_background&quot;:&quot;classic&quot;}\">\n\t\t\t\t\t<div class=\"e-con-inner\">\n\t\t\t\t<div class=\"elementor-element elementor-element-32561dc elementor-widget elementor-widget-text-editor\" data-id=\"32561dc\" data-element_type=\"widget\" data-e-type=\"widget\" data-widget_type=\"text-editor.default\">\n\t\t\t\t\t\t\t\t\t<p>\u062a\u0648\u0627\u0635\u0644 \u0645\u0639\u0646\u0627<\/p>\t\t\t\t\t\t\t\t<\/div>\n\t\t\t\t<div class=\"elementor-element elementor-element-f7fbe30 elementor-widget elementor-widget-heading\" data-id=\"f7fbe30\" data-element_type=\"widget\" data-e-type=\"widget\" data-widget_type=\"heading.default\">\n\t\t\t\t\t<h1 class=\"elementor-heading-title elementor-size-default\">\u0644\u0644\u062a\u0648\u0627\u0635\u0644<\/h1>\t\t\t\t<\/div>\n\t\t\t\t<div class=\"elementor-element elementor-element-bf6ef1f elementor-widget elementor-widget-text-editor\" data-id=\"bf6ef1f\" data-element_type=\"widget\" data-e-type=\"widget\" data-widget_type=\"text-editor.default\">\n\t\t\t\t\t\t\t\t\t<p>\u0642\u0645 \u0628\u062d\u062c\u0632 \u0645\u0648\u0639\u062f\u0643 \u0627\u0648\u0646\u0644\u0627\u064a\u0646 \u0645\u0628\u0627\u0634\u0631<\/p>\t\t\t\t\t\t\t\t<\/div>\n\t\t\t\t\t<\/div>\n\t\t\t\t<\/div>\n\t\t<div class=\"elementor-element elementor-element-260ca21 e-flex e-con-boxed wpr-particle-no wpr-jarallax-no wpr-parallax-no wpr-sticky-section-no e-con e-parent\" data-id=\"260ca21\" data-element_type=\"container\" data-e-type=\"container\">\n\t\t\t\t\t<div class=\"e-con-inner\">\n\t\t\t\t<div class=\"elementor-element elementor-element-4629666 elementor-widget elementor-widget-video\" data-id=\"4629666\" data-element_type=\"widget\" data-e-type=\"widget\" data-settings=\"{&quot;video_type&quot;:&quot;hosted&quot;,&quot;mute&quot;:&quot;yes&quot;,&quot;controls&quot;:&quot;yes&quot;}\" data-widget_type=\"video.default\">\n\t\t\t\t\t\t\t<div class=\"e-hosted-video elementor-wrapper elementor-open-inline\">\n\t\t\t\t\t<video class=\"elementor-video\" src=\"https:\/\/dtimad.com.tr\/wp-content\/uploads\/2025\/12\/\u062f\u0643\u062a\u0648\u0631-\u0639\u0645\u0627\u062f-\u0633\u064a\u062f-\u0639\u0644\u064a\u0637\u0628\u064a\u0628_\u0623\u0633\u0646\u0627\u0646-\u0645\u062e\u0628\u0631_\u0623\u0633\u0646\u0627\u0646\u062a\u062c\u0645\u064a\u0644-\u0627\u0644\u0627\u0628\u062a\u0633\u0627\u0645\u0629-\u0648\u0627\u0644\u0627\u0633\u0646\u0627\u0646\u062d\u0634\u0648\u0627\u062a-\u0643\u0648\u0645\u0628\u0648\u0632\u064a\u062a\u063a\u0627\u0632\u064a_\u0639\u0646\u062a\u0627\u0628-\u063a\u0627.mp4\" controls=\"\" preload=\"metadata\" muted=\"muted\" controlslist=\"nodownload\"><\/video>\n\t\t\t\t<\/div>\n\t\t\t\t\t\t<\/div>\n\t\t\t\t\t<\/div>\n\t\t\t\t<\/div>\n\t\t<div class=\"elementor-element elementor-element-b599314 e-flex e-con-boxed wpr-particle-no wpr-jarallax-no wpr-parallax-no wpr-sticky-section-no e-con e-parent\" data-id=\"b599314\" data-element_type=\"container\" data-e-type=\"container\">\n\t\t\t\t\t<div class=\"e-con-inner\">\n\t\t\t\t<div class=\"elementor-element elementor-element-2500247 elementor-widget elementor-widget-google_maps\" data-id=\"2500247\" data-element_type=\"widget\" data-e-type=\"widget\" data-widget_type=\"google_maps.default\">\n\t\t\t\t\t\t\t<div class=\"elementor-custom-embed\">\n\t\t\t<iframe loading=\"lazy\"\n\t\t\t\t\tsrc=\"https:\/\/maps.google.com\/maps?q=Di%C5%9F%20Hekimi%20%C4%B0mad%20ASSAYEDAL%C4%B0&#038;t=m&#038;z=17&#038;output=embed&#038;iwloc=near\"\n\t\t\t\t\ttitle=\"Di\u015f Hekimi \u0130mad ASSAYEDAL\u0130\"\n\t\t\t\t\taria-label=\"Di\u015f Hekimi \u0130mad ASSAYEDAL\u0130\"\n\t\t\t><\/iframe>\n\t\t<\/div>\n\t\t\t\t\t\t<\/div>\n\t\t\t\t\t<\/div>\n\t\t\t\t<\/div>\n\t\t<div class=\"elementor-element elementor-element-9448f15 e-flex e-con-boxed wpr-particle-no wpr-jarallax-no wpr-parallax-no wpr-sticky-section-no elementor-invisible e-con e-parent\" data-id=\"9448f15\" data-element_type=\"container\" data-e-type=\"container\" data-settings=\"{&quot;animation&quot;:&quot;fadeIn&quot;}\">\n\t\t\t\t\t<div class=\"e-con-inner\">\n\t\t<div class=\"elementor-element elementor-element-03f2990 e-con-full e-flex wpr-particle-no wpr-jarallax-no wpr-parallax-no wpr-sticky-section-no e-con e-child\" data-id=\"03f2990\" data-element_type=\"container\" data-e-type=\"container\" data-settings=\"{&quot;background_background&quot;:&quot;classic&quot;}\">\n\t\t\t\t<div class=\"elementor-element elementor-element-9232e60 elementor-position-inline-start elementor-view-default elementor-mobile-position-block-start elementor-widget elementor-widget-icon-box\" data-id=\"9232e60\" data-element_type=\"widget\" data-e-type=\"widget\" data-widget_type=\"icon-box.default\">\n\t\t\t\t\t\t\t<div class=\"elementor-icon-box-wrapper\">\n\n\t\t\t\t\t\t<div class=\"elementor-icon-box-icon\">\n\t\t\t\t<a href=\"https:\/\/maps.app.goo.gl\/Anopx1WyLkdzRi9N6\" target=\"_blank\" class=\"elementor-icon\" tabindex=\"-1\" aria-label=\"\u0639\u0646\u0648\u0627\u0646\u0646\u0627\" rel=\"noopener\">\n\t\t\t\t<svg xmlns=\"http:\/\/www.w3.org\/2000\/svg\" width=\"60\" height=\"60\" viewbox=\"0 0 60 60\" fill=\"none\"><rect width=\"60\" height=\"60\" rx=\"8\" fill=\"#06A3DA\"><\/rect><path d=\"M30 19C25.5835 19 22 22.1679 22 26.0714C22 32.3571 30 41 30 41C30 41 38 32.3571 38 26.0714C38 22.1679 34.4165 19 30 19ZM30 30C29.3671 30 28.7484 29.8157 28.2222 29.4703C27.6959 29.125 27.2858 28.6341 27.0436 28.0599C26.8014 27.4856 26.738 26.8537 26.8615 26.244C26.985 25.6343 27.2897 25.0743 27.7373 24.6348C28.1848 24.1953 28.755 23.8959 29.3757 23.7747C29.9965 23.6534 30.6399 23.7156 31.2246 23.9535C31.8093 24.1914 32.3091 24.5942 32.6607 25.1111C33.0123 25.6279 33.2 26.2355 33.2 26.8571C33.1991 27.6904 32.8616 28.4893 32.2617 29.0785C31.6618 29.6677 30.8484 29.9991 30 30Z\" fill=\"white\"><\/path><\/svg>\t\t\t\t<\/a>\n\t\t\t<\/div>\n\t\t\t\n\t\t\t\t\t\t<div class=\"elementor-icon-box-content\">\n\n\t\t\t\t\t\t\t\t\t<h5 class=\"elementor-icon-box-title\">\n\t\t\t\t\t\t<a href=\"https:\/\/maps.app.goo.gl\/Anopx1WyLkdzRi9N6\" target=\"_blank\" rel=\"noopener\">\n\t\t\t\t\t\t\t\u0639\u0646\u0648\u0627\u0646\u0646\u0627\t\t\t\t\t\t<\/a>\n\t\t\t\t\t<\/h5>\n\t\t\t\t\n\t\t\t\t\t\t\t\t\t<p class=\"elementor-icon-box-description\">\n\t\t\t\t\t\t\u063a\u0627\u0632\u064a \u0639\u0646\u062a\u0627\u0628\/\u0634\u0627\u0647\u064a\u062a \u0643\u0627\u0645\u064a\u0644 .\u062f\u0627\u063a\u064a\u0631\u0645\u064a\u0634\u0645 .27090. (\u0645\u0642\u0627\u0628\u0644 \u0645\u062d\u0637\u0629 \u063a\u0627\u0632\u064a \u0645\u062e\u062a\u0627\u0631 \u0628\u0627\u0634\u0627)\t\t\t\t\t<\/p>\n\t\t\t\t\n\t\t\t<\/div>\n\t\t\t\n\t\t<\/div>\n\t\t\t\t\t\t<\/div>\n\t\t\t\t<\/div>\n\t\t<div class=\"elementor-element elementor-element-b119c7d e-con-full e-flex wpr-particle-no wpr-jarallax-no wpr-parallax-no wpr-sticky-section-no e-con e-child\" data-id=\"b119c7d\" data-element_type=\"container\" data-e-type=\"container\" data-settings=\"{&quot;background_background&quot;:&quot;classic&quot;}\">\n\t\t\t\t<div class=\"elementor-element elementor-element-3690269 elementor-position-inline-start elementor-view-default elementor-mobile-position-block-start elementor-widget elementor-widget-icon-box\" data-id=\"3690269\" data-element_type=\"widget\" data-e-type=\"widget\" data-widget_type=\"icon-box.default\">\n\t\t\t\t\t\t\t<div class=\"elementor-icon-box-wrapper\">\n\n\t\t\t\t\t\t<div class=\"elementor-icon-box-icon\">\n\t\t\t\t<a href=\"tel:905330399880\" class=\"elementor-icon\" tabindex=\"-1\" aria-label=\"\u0623\u062a\u0635\u0644 \u0628\u0646\u0627 \">\n\t\t\t\t<svg xmlns=\"http:\/\/www.w3.org\/2000\/svg\" width=\"60\" height=\"60\" viewbox=\"0 0 60 60\" fill=\"none\"><rect width=\"60\" height=\"60\" rx=\"8\" fill=\"#06A3DA\"><\/rect><path d=\"M36.0257 39.9998C35.1541 39.9998 33.9297 39.7004 32.0963 38.7275C29.8668 37.54 28.1424 36.4437 25.925 34.343C23.787 32.3136 22.7466 30.9997 21.2905 28.4831C19.6455 25.6415 19.926 24.152 20.2394 23.5154C20.6127 22.7546 21.1637 22.2995 21.8759 21.8478C22.2804 21.5961 22.7085 21.3803 23.1547 21.2032C23.1994 21.1849 23.2409 21.1676 23.278 21.1519C23.499 21.0573 23.8339 20.9144 24.2581 21.067C24.5412 21.168 24.7939 21.3745 25.1895 21.7456C26.0009 22.5056 27.1096 24.1983 27.5186 25.0295C27.7932 25.5898 27.9749 25.9596 27.9754 26.3744C27.9754 26.86 27.7182 27.2345 27.4061 27.6387C27.3476 27.7146 27.2895 27.7871 27.2333 27.8575C26.8935 28.2816 26.8189 28.4042 26.868 28.623C26.9676 29.0628 27.7101 30.3721 28.9305 31.5286C30.1508 32.6852 31.4895 33.3459 31.9543 33.4401C32.1945 33.4889 32.3263 33.4151 32.7871 33.0809C32.8532 33.0329 32.921 32.9833 32.992 32.9337C33.468 32.5974 33.844 32.3595 34.3432 32.3595H34.3459C34.7803 32.3595 35.1523 32.5384 35.7685 32.8336C36.5722 33.2187 38.4079 34.2582 39.2129 35.0297C39.6045 35.4046 39.8229 35.6438 39.9296 35.9122C40.0903 36.3164 39.939 36.6332 39.8403 36.8453C39.8238 36.8805 39.8055 36.9191 39.7863 36.9619C39.5983 37.385 39.3698 37.7907 39.1035 38.174C38.6289 38.8484 38.148 39.3705 37.3451 39.7254C36.9329 39.9107 36.4817 40.0045 36.0257 39.9998Z\" fill=\"white\"><\/path><\/svg>\t\t\t\t<\/a>\n\t\t\t<\/div>\n\t\t\t\n\t\t\t\t\t\t<div class=\"elementor-icon-box-content\">\n\n\t\t\t\t\t\t\t\t\t<h5 class=\"elementor-icon-box-title\">\n\t\t\t\t\t\t<a href=\"tel:905330399880\" >\n\t\t\t\t\t\t\t\u0623\u062a\u0635\u0644 \u0628\u0646\u0627 \t\t\t\t\t\t<\/a>\n\t\t\t\t\t<\/h5>\n\t\t\t\t\n\t\t\t\t\t\t\t\t\t<p class=\"elementor-icon-box-description\">\n\t\t\t\t\t\t05330399880\t\t\t\t\t<\/p>\n\t\t\t\t\n\t\t\t<\/div>\n\t\t\t\n\t\t<\/div>\n\t\t\t\t\t\t<\/div>\n\t\t\t\t<\/div>\n\t\t\t\t\t<\/div>\n\t\t\t\t<\/div>\n\t\t<div class=\"elementor-element elementor-element-956b25f e-flex e-con-boxed wpr-particle-no wpr-jarallax-no wpr-parallax-no wpr-sticky-section-no e-con e-parent\" data-id=\"956b25f\" data-element_type=\"container\" data-e-type=\"container\" id=\"randevu-al\">\n\t\t\t\t\t<div class=\"e-con-inner\">\n\t\t<div class=\"elementor-element elementor-element-fca1fe3 e-con-full e-flex wpr-particle-no wpr-jarallax-no wpr-parallax-no wpr-sticky-section-no e-con e-child\" data-id=\"fca1fe3\" data-element_type=\"container\" data-e-type=\"container\">\n\t\t\t\t<div class=\"elementor-element elementor-element-f487693 elementor-widget elementor-widget-heading\" data-id=\"f487693\" data-element_type=\"widget\" data-e-type=\"widget\" data-widget_type=\"heading.default\">\n\t\t\t\t\t<span class=\"elementor-heading-title elementor-size-default\">\u0623\u062d\u062c\u0632 \u0645\u0648\u0639\u062f\u0643 \u0627\u0648\u0646\u0644\u0627\u064a\u0646<\/span>\t\t\t\t<\/div>\n\t\t\t\t<div class=\"elementor-element elementor-element-b383500 elementor-widget elementor-widget-heading\" data-id=\"b383500\" data-element_type=\"widget\" data-e-type=\"widget\" data-widget_type=\"heading.default\">\n\t\t\t\t\t<h2 class=\"elementor-heading-title elementor-size-default\">\u0642\u0645 \u0628\u062d\u062c\u0632 \u0645\u0648\u0639\u062f\u0643 \u0645\u0628\u0627\u0634\u0631\u0629<\/h2>\t\t\t\t<\/div>\n\t\t\t\t<\/div>\n\t\t\t\t\t<\/div>\n\t\t\t\t<\/div>\n\t\t<div class=\"elementor-element elementor-element-c6ce74a e-flex e-con-boxed wpr-particle-no wpr-jarallax-no wpr-parallax-no wpr-sticky-section-no e-con e-parent\" data-id=\"c6ce74a\" data-element_type=\"container\" data-e-type=\"container\">\n\t\t\t\t\t<div class=\"e-con-inner\">\n\t\t\t\t<div class=\"elementor-element elementor-element-38bdb75 elementor-widget elementor-widget-shortcode\" data-id=\"38bdb75\" data-element_type=\"widget\" data-e-type=\"widget\" data-widget_type=\"shortcode.default\">\n\t\t\t\t\t\t\t<div class=\"elementor-shortcode\"><!-- Google Calendar Appointment Scheduling begin -->\n<iframe src=\"https:\/\/calendar.google.com\/calendar\/appointments\/schedules\/AcZssZ1GiPPhgxw5981wUsA4J8rE972A2cz6Deqh_yB6i1QiUVx0oId0ha95c16idiOMNbgMkUJEcRYm?gv=true\" style=\"border: 0\" width=\"100%\" height=\"600\" frameborder=\"0\"><\/iframe>\n<!-- end Google Calendar Appointment Scheduling --><\/div>\n\t\t\t\t\t\t<\/div>\n\t\t\t\t\t<\/div>\n\t\t\t\t<\/div>\n\t\t\t\t<\/div>","protected":false},"excerpt":{"rendered":"<p>ileti\u015fim Bize Ula\u015f\u0131n Randevunuzu Buradan Online Al\u0131n https:\/\/dtimad.com.tr\/wp-content\/uploads\/2025\/12\/\u062f\u0643\u062a\u0648\u0631-\u0639\u0645\u0627\u062f-\u0633\u064a\u062f-\u0639\u0644\u064a\u0637\u0628\u064a\u0628_\u0623\u0633\u0646\u0627\u0646-\u0645\u062e\u0628\u0631_\u0623\u0633\u0646\u0627\u0646\u062a\u062c\u0645\u064a\u0644-\u0627\u0644\u0627\u0628\u062a\u0633\u0627\u0645\u0629-\u0648\u0627\u0644\u0627\u0633\u0646\u0627\u0646\u062d\u0634\u0648\u0627\u062a-\u0643\u0648\u0645\u0628\u0648\u0632\u064a\u062a\u063a\u0627\u0632\u064a_\u0639\u0646\u062a\u0627\u0628-\u063a\u0627.mp4 Adres \u015eehitkamil\/Gaziantep De\u011firmi\u00e7em, Prof. Muammer Aksoy Blv., 27090 (Gazimuhtarpa\u015fa tramvay istasyonu \u00f6n\u00fc) Bizi Aray\u0131n 05330399880 Online Randevu Al Hemen Randevunuzu al\u0131n<\/p>","protected":false},"author":1,"featured_media":0,"parent":0,"menu_order":0,"comment_status":"closed","ping_status":"closed","template":"","meta":{"_eb_attr":"","breadcrumbs_single_post":"","page_title_panel":"","breadcrumbs_single_page":"","single_page_alignment":"","single_page_margin":"","page_structure_type":"","content_style_source":"","content_style":"","blog_post_streched_ed":"","blog_page_streched_ed":"","has_transparent_header":"","disable_transparent_header":"","vertical_spacing_source":"","content_area_spacing":"","single_post_content_background":"","single_page_content_background":"","single_post_boxed_content_spacing":"","single_page_boxed_content_spacing":"","single_post_content_boxed_radius":"","single_page_content_boxed_radius":"","disable_featured_image":"","disable_post_tags":"","disable_author_box":"","disable_posts_navigation":"","disable_comments":"","disable_related_posts":"","disable_header":"","disable_footer":"","footnotes":""},"class_list":["post-3608","page","type-page","status-publish","hentry","rishi-post","no-post-thumbnail"],"_hostinger_reach_plugin_has_subscription_block":false,"_hostinger_reach_plugin_is_elementor":false,"_links":{"self":[{"href":"https:\/\/dtimad.com.tr\/ar\/wp-json\/wp\/v2\/pages\/3608","targetHints":{"allow":["GET"]}}],"collection":[{"href":"https:\/\/dtimad.com.tr\/ar\/wp-json\/wp\/v2\/pages"}],"about":[{"href":"https:\/\/dtimad.com.tr\/ar\/wp-json\/wp\/v2\/types\/page"}],"author":[{"embeddable":true,"href":"https:\/\/dtimad.com.tr\/ar\/wp-json\/wp\/v2\/users\/1"}],"replies":[{"embeddable":true,"href":"https:\/\/dtimad.com.tr\/ar\/wp-json\/wp\/v2\/comments?post=3608"}],"version-history":[{"count":38,"href":"https:\/\/dtimad.com.tr\/ar\/wp-json\/wp\/v2\/pages\/3608\/revisions"}],"predecessor-version":[{"id":4507,"href":"https:\/\/dtimad.com.tr\/ar\/wp-json\/wp\/v2\/pages\/3608\/revisions\/4507"}],"wp:attachment":[{"href":"https:\/\/dtimad.com.tr\/ar\/wp-json\/wp\/v2\/media?parent=3608"}],"curies":[{"name":"wp","href":"https:\/\/api.w.org\/{rel}","templated":true}]}}